{"id":4326,"date":"2023-11-18T22:25:52","date_gmt":"2023-11-18T21:25:52","guid":{"rendered":"http:\/\/stampcurio.com\/?post_type=product&#038;p=4326"},"modified":"2025-12-05T04:12:22","modified_gmt":"2025-12-05T03:12:22","slug":"1864-5kr-latvanyos-elfogazassal-szep-piros-pest-recomandirt-belyegzessel-a-ritkabb-egy-m-betus-belyegzes-gudlin-500p-mueller-812p","status":"publish","type":"product","link":"https:\/\/stampcurio.com\/hu\/termek\/1864-5kr-latvanyos-elfogazassal-szep-piros-pest-recomandirt-belyegzessel-a-ritkabb-egy-m-betus-belyegzes-gudlin-500p-mueller-812p\/","title":{"rendered":"1864 5kr l\u00e1tv\u00e1nyos elfogaz\u00e1ssal sz\u00e9p piros PEST \/ RECOMANDIRT b\u00e9lyegz\u00e9ssel a ritk\u00e1bb egy M bet\u0171s b\u00e9lyegz\u00e9s Gudlin 500p Mueller  8*12p"},"content":{"rendered":"","protected":false},"excerpt":{"rendered":"","protected":false},"featured_media":11461,"template":"","meta":[],"product_brand":[],"product_cat":[60,73],"product_tag":[1044,116,1008,67,217],"class_list":{"0":"post-4326","1":"product","2":"type-product","3":"status-publish","4":"has-post-thumbnail","6":"product_cat-ausztria-1st","7":"product_cat-magyarorszag-1st","8":"product_tag-1st-auction-hu","9":"product_tag-belyeg","10":"product_tag-ebay","11":"product_tag-marcofilatelia","12":"product_tag-tevnyomat","13":"pa_catalog_id-514","15":"first","16":"instock","17":"sold-individually","18":"shipping-taxable","19":"product-type-simple"},"_links":{"self":[{"href":"https:\/\/stampcurio.com\/hu\/wp-json\/wp\/v2\/product\/4326","targetHints":{"allow":["GET"]}}],"collection":[{"href":"https:\/\/stampcurio.com\/hu\/wp-json\/wp\/v2\/product"}],"about":[{"href":"https:\/\/stampcurio.com\/hu\/wp-json\/wp\/v2\/types\/product"}],"wp:featuredmedia":[{"embeddable":true,"href":"https:\/\/stampcurio.com\/hu\/wp-json\/wp\/v2\/media\/11461"}],"wp:attachment":[{"href":"https:\/\/stampcurio.com\/hu\/wp-json\/wp\/v2\/media?parent=4326"}],"wp:term":[{"taxonomy":"product_brand","embeddable":true,"href":"https:\/\/stampcurio.com\/hu\/wp-json\/wp\/v2\/product_brand?post=4326"},{"taxonomy":"product_cat","embeddable":true,"href":"https:\/\/stampcurio.com\/hu\/wp-json\/wp\/v2\/product_cat?post=4326"},{"taxonomy":"product_tag","embeddable":true,"href":"https:\/\/stampcurio.com\/hu\/wp-json\/wp\/v2\/product_tag?post=4326"}],"curies":[{"name":"wp","href":"https:\/\/api.w.org\/{rel}","templated":true}]}}