{"id":4323,"date":"2023-11-18T22:21:50","date_gmt":"2023-11-18T21:21:50","guid":{"rendered":"http:\/\/stampcurio.com\/?post_type=product&#038;p=4323"},"modified":"2025-12-05T04:12:23","modified_gmt":"2025-12-05T03:12:23","slug":"1867-ausztria-10kr-latvanyos-festekfolttal-a-tarkon-lasd-fercbenbauer-ii-kotet-22-oldal","status":"publish","type":"product","link":"https:\/\/stampcurio.com\/hu\/termek\/1867-ausztria-10kr-latvanyos-festekfolttal-a-tarkon-lasd-fercbenbauer-ii-kotet-22-oldal\/","title":{"rendered":"1867 Ausztria 10kr l\u00e1tv\u00e1nyos fest\u00e9kfolttal a tark\u00f3n &#8211; L\u00e1sd Fercbenbauer II. k\u00f6tet 22. oldal"},"content":{"rendered":"","protected":false},"excerpt":{"rendered":"","protected":false},"featured_media":11465,"template":"","meta":[],"product_brand":[],"product_cat":[60],"product_tag":[1044,116,217],"class_list":{"0":"post-4323","1":"product","2":"type-product","3":"status-publish","4":"has-post-thumbnail","6":"product_cat-ausztria-1st","7":"product_tag-1st-auction-hu","8":"product_tag-belyeg","9":"product_tag-tevnyomat","10":"pa_catalog_id-513","12":"first","13":"instock","14":"sold-individually","15":"shipping-taxable","16":"product-type-simple"},"_links":{"self":[{"href":"https:\/\/stampcurio.com\/hu\/wp-json\/wp\/v2\/product\/4323","targetHints":{"allow":["GET"]}}],"collection":[{"href":"https:\/\/stampcurio.com\/hu\/wp-json\/wp\/v2\/product"}],"about":[{"href":"https:\/\/stampcurio.com\/hu\/wp-json\/wp\/v2\/types\/product"}],"wp:featuredmedia":[{"embeddable":true,"href":"https:\/\/stampcurio.com\/hu\/wp-json\/wp\/v2\/media\/11465"}],"wp:attachment":[{"href":"https:\/\/stampcurio.com\/hu\/wp-json\/wp\/v2\/media?parent=4323"}],"wp:term":[{"taxonomy":"product_brand","embeddable":true,"href":"https:\/\/stampcurio.com\/hu\/wp-json\/wp\/v2\/product_brand?post=4323"},{"taxonomy":"product_cat","embeddable":true,"href":"https:\/\/stampcurio.com\/hu\/wp-json\/wp\/v2\/product_cat?post=4323"},{"taxonomy":"product_tag","embeddable":true,"href":"https:\/\/stampcurio.com\/hu\/wp-json\/wp\/v2\/product_tag?post=4323"}],"curies":[{"name":"wp","href":"https:\/\/api.w.org\/{rel}","templated":true}]}}