{"id":4322,"date":"2023-11-18T22:17:42","date_gmt":"2023-11-18T21:17:42","guid":{"rendered":"http:\/\/stampcurio.com\/?post_type=product&#038;p=4322"},"modified":"2025-12-05T04:12:23","modified_gmt":"2025-12-05T03:12:23","slug":"1850-ausztria-3kr-kezi-papir-iiia-tipus-latvanyos-papirranccal-oroshaza-lebelyegzes-ferchenbauer-szingoval","status":"publish","type":"product","link":"https:\/\/stampcurio.com\/hu\/termek\/1850-ausztria-3kr-kezi-papir-iiia-tipus-latvanyos-papirranccal-oroshaza-lebelyegzes-ferchenbauer-szingoval\/","title":{"rendered":"1850 Ausztria 3kr k\u00e9zi pap\u00edr IIIa. tipus l\u00e1tv\u00e1nyos pap\u00edrr\u00e1nccal &#8211; OROSH\u00c1ZA leb\u00e9lyegz\u00e9s &#8211; Ferchenbauer szing\u00f3val"},"content":{"rendered":"","protected":false},"excerpt":{"rendered":"","protected":false},"featured_media":11413,"template":"","meta":[],"product_brand":[],"product_cat":[60,73],"product_tag":[1044,116,67,217],"class_list":{"0":"post-4322","1":"product","2":"type-product","3":"status-publish","4":"has-post-thumbnail","6":"product_cat-ausztria-1st","7":"product_cat-magyarorszag-1st","8":"product_tag-1st-auction-hu","9":"product_tag-belyeg","10":"product_tag-marcofilatelia","11":"product_tag-tevnyomat","12":"pa_catalog_id-512","14":"first","15":"instock","16":"sold-individually","17":"shipping-taxable","18":"product-type-simple"},"_links":{"self":[{"href":"https:\/\/stampcurio.com\/hu\/wp-json\/wp\/v2\/product\/4322","targetHints":{"allow":["GET"]}}],"collection":[{"href":"https:\/\/stampcurio.com\/hu\/wp-json\/wp\/v2\/product"}],"about":[{"href":"https:\/\/stampcurio.com\/hu\/wp-json\/wp\/v2\/types\/product"}],"wp:featuredmedia":[{"embeddable":true,"href":"https:\/\/stampcurio.com\/hu\/wp-json\/wp\/v2\/media\/11413"}],"wp:attachment":[{"href":"https:\/\/stampcurio.com\/hu\/wp-json\/wp\/v2\/media?parent=4322"}],"wp:term":[{"taxonomy":"product_brand","embeddable":true,"href":"https:\/\/stampcurio.com\/hu\/wp-json\/wp\/v2\/product_brand?post=4322"},{"taxonomy":"product_cat","embeddable":true,"href":"https:\/\/stampcurio.com\/hu\/wp-json\/wp\/v2\/product_cat?post=4322"},{"taxonomy":"product_tag","embeddable":true,"href":"https:\/\/stampcurio.com\/hu\/wp-json\/wp\/v2\/product_tag?post=4322"}],"curies":[{"name":"wp","href":"https:\/\/api.w.org\/{rel}","templated":true}]}}