{"id":4315,"date":"2023-11-18T22:10:38","date_gmt":"2023-11-18T21:10:38","guid":{"rendered":"http:\/\/stampcurio.com\/?post_type=product&#038;p=4315"},"modified":"2025-12-05T04:12:24","modified_gmt":"2025-12-05T03:12:24","slug":"1953-sztalingrad-a-70-ivhelyen-talalhato-lemezhibaval-postatiszta-phu-7-500-ft","status":"publish","type":"product","link":"https:\/\/stampcurio.com\/hu\/termek\/1953-sztalingrad-a-70-ivhelyen-talalhato-lemezhibaval-postatiszta-phu-7-500-ft\/","title":{"rendered":"1953 Szt\u00e1lingr\u00e1d a 70. \u00edvhelyen tal\u00e1lhat\u00f3 lemezhib\u00e1val postatiszta * PHu 7.500 Ft"},"content":{"rendered":"","protected":false},"excerpt":{"rendered":"","protected":false},"featured_media":4316,"template":"","meta":[],"product_brand":[],"product_cat":[73],"product_tag":[1044,116,217],"class_list":{"0":"post-4315","1":"product","2":"type-product","3":"status-publish","4":"has-post-thumbnail","6":"product_cat-magyarorszag-1st","7":"product_tag-1st-auction-hu","8":"product_tag-belyeg","9":"product_tag-tevnyomat","10":"pa_catalog_id-510","12":"first","13":"instock","14":"sold-individually","15":"shipping-taxable","16":"product-type-simple"},"_links":{"self":[{"href":"https:\/\/stampcurio.com\/hu\/wp-json\/wp\/v2\/product\/4315","targetHints":{"allow":["GET"]}}],"collection":[{"href":"https:\/\/stampcurio.com\/hu\/wp-json\/wp\/v2\/product"}],"about":[{"href":"https:\/\/stampcurio.com\/hu\/wp-json\/wp\/v2\/types\/product"}],"wp:featuredmedia":[{"embeddable":true,"href":"https:\/\/stampcurio.com\/hu\/wp-json\/wp\/v2\/media\/4316"}],"wp:attachment":[{"href":"https:\/\/stampcurio.com\/hu\/wp-json\/wp\/v2\/media?parent=4315"}],"wp:term":[{"taxonomy":"product_brand","embeddable":true,"href":"https:\/\/stampcurio.com\/hu\/wp-json\/wp\/v2\/product_brand?post=4315"},{"taxonomy":"product_cat","embeddable":true,"href":"https:\/\/stampcurio.com\/hu\/wp-json\/wp\/v2\/product_cat?post=4315"},{"taxonomy":"product_tag","embeddable":true,"href":"https:\/\/stampcurio.com\/hu\/wp-json\/wp\/v2\/product_tag?post=4315"}],"curies":[{"name":"wp","href":"https:\/\/api.w.org\/{rel}","templated":true}]}}