{"id":4312,"date":"2023-11-18T22:04:01","date_gmt":"2023-11-18T21:04:01","guid":{"rendered":"http:\/\/stampcurio.com\/?post_type=product&#038;p=4312"},"modified":"2025-12-05T04:12:24","modified_gmt":"2025-12-05T03:12:24","slug":"1871-reznyomat-luxus-krompach-belyegzessel-gudlin-250-pont","status":"publish","type":"product","link":"https:\/\/stampcurio.com\/hu\/termek\/1871-reznyomat-luxus-krompach-belyegzessel-gudlin-250-pont\/","title":{"rendered":"1871 r\u00e9znyomat luxus KROMPACH b\u00e9lyegz\u00e9ssel Gudlin 250 pont"},"content":{"rendered":"","protected":false},"excerpt":{"rendered":"","protected":false},"featured_media":11385,"template":"","meta":[],"product_brand":[],"product_cat":[73,193],"product_tag":[1044,116,67],"class_list":{"0":"post-4312","1":"product","2":"type-product","3":"status-publish","4":"has-post-thumbnail","6":"product_cat-magyarorszag-1st","7":"product_cat-szlovakia-1st","8":"product_tag-1st-auction-hu","9":"product_tag-belyeg","10":"product_tag-marcofilatelia","11":"pa_catalog_id-509","13":"first","14":"instock","15":"sold-individually","16":"shipping-taxable","17":"product-type-simple"},"_links":{"self":[{"href":"https:\/\/stampcurio.com\/hu\/wp-json\/wp\/v2\/product\/4312","targetHints":{"allow":["GET"]}}],"collection":[{"href":"https:\/\/stampcurio.com\/hu\/wp-json\/wp\/v2\/product"}],"about":[{"href":"https:\/\/stampcurio.com\/hu\/wp-json\/wp\/v2\/types\/product"}],"wp:featuredmedia":[{"embeddable":true,"href":"https:\/\/stampcurio.com\/hu\/wp-json\/wp\/v2\/media\/11385"}],"wp:attachment":[{"href":"https:\/\/stampcurio.com\/hu\/wp-json\/wp\/v2\/media?parent=4312"}],"wp:term":[{"taxonomy":"product_brand","embeddable":true,"href":"https:\/\/stampcurio.com\/hu\/wp-json\/wp\/v2\/product_brand?post=4312"},{"taxonomy":"product_cat","embeddable":true,"href":"https:\/\/stampcurio.com\/hu\/wp-json\/wp\/v2\/product_cat?post=4312"},{"taxonomy":"product_tag","embeddable":true,"href":"https:\/\/stampcurio.com\/hu\/wp-json\/wp\/v2\/product_tag?post=4312"}],"curies":[{"name":"wp","href":"https:\/\/api.w.org\/{rel}","templated":true}]}}