{"id":4311,"date":"2023-11-18T22:01:35","date_gmt":"2023-11-18T21:01:35","guid":{"rendered":"http:\/\/stampcurio.com\/?post_type=product&#038;p=4311"},"modified":"2025-12-05T04:12:24","modified_gmt":"2025-12-05T03:12:24","slug":"1858-ausztria-sarga-nagyalaku-andraskereszt-postatiszta-enyvezes-nelkul-ferchenbauer-150-eur","status":"publish","type":"product","link":"https:\/\/stampcurio.com\/hu\/termek\/1858-ausztria-sarga-nagyalaku-andraskereszt-postatiszta-enyvezes-nelkul-ferchenbauer-150-eur\/","title":{"rendered":"1858 Ausztria s\u00e1rga nagyalak\u00fa andr\u00e1skereszt postatiszta enyvez\u00e9s n\u00e9lk\u00fcl Ferchenbauer 150 EUR"},"content":{"rendered":"","protected":false},"excerpt":{"rendered":"","protected":false},"featured_media":11388,"template":"","meta":[],"product_brand":[],"product_cat":[60],"product_tag":[1044,116],"class_list":{"0":"post-4311","1":"product","2":"type-product","3":"status-publish","4":"has-post-thumbnail","6":"product_cat-ausztria-1st","7":"product_tag-1st-auction-hu","8":"product_tag-belyeg","9":"pa_catalog_id-508","11":"first","12":"instock","13":"sold-individually","14":"shipping-taxable","15":"product-type-simple"},"_links":{"self":[{"href":"https:\/\/stampcurio.com\/hu\/wp-json\/wp\/v2\/product\/4311","targetHints":{"allow":["GET"]}}],"collection":[{"href":"https:\/\/stampcurio.com\/hu\/wp-json\/wp\/v2\/product"}],"about":[{"href":"https:\/\/stampcurio.com\/hu\/wp-json\/wp\/v2\/types\/product"}],"wp:featuredmedia":[{"embeddable":true,"href":"https:\/\/stampcurio.com\/hu\/wp-json\/wp\/v2\/media\/11388"}],"wp:attachment":[{"href":"https:\/\/stampcurio.com\/hu\/wp-json\/wp\/v2\/media?parent=4311"}],"wp:term":[{"taxonomy":"product_brand","embeddable":true,"href":"https:\/\/stampcurio.com\/hu\/wp-json\/wp\/v2\/product_brand?post=4311"},{"taxonomy":"product_cat","embeddable":true,"href":"https:\/\/stampcurio.com\/hu\/wp-json\/wp\/v2\/product_cat?post=4311"},{"taxonomy":"product_tag","embeddable":true,"href":"https:\/\/stampcurio.com\/hu\/wp-json\/wp\/v2\/product_tag?post=4311"}],"curies":[{"name":"wp","href":"https:\/\/api.w.org\/{rel}","templated":true}]}}