{"id":4308,"date":"2023-11-18T21:54:26","date_gmt":"2023-11-18T20:54:26","guid":{"rendered":"http:\/\/stampcurio.com\/?post_type=product&#038;p=4308"},"modified":"2025-12-05T04:12:25","modified_gmt":"2025-12-05T03:12:25","slug":"1937-konzuli-illetekbelyeg-175p-postatiszta-ivszeles","status":"publish","type":"product","link":"https:\/\/stampcurio.com\/hu\/termek\/1937-konzuli-illetekbelyeg-175p-postatiszta-ivszeles\/","title":{"rendered":"1937 Konzuli illet\u00e9kb\u00e9lyeg 1,75P postatiszta ** \u00edvsz\u00e9les"},"content":{"rendered":"","protected":false},"excerpt":{"rendered":"","protected":false},"featured_media":11391,"template":"","meta":[],"product_brand":[],"product_cat":[73],"product_tag":[1044,127,282],"class_list":{"0":"post-4308","1":"product","2":"type-product","3":"status-publish","4":"has-post-thumbnail","6":"product_cat-magyarorszag-1st","7":"product_tag-1st-auction-hu","8":"product_tag-konzulatusi-posta","9":"product_tag-okmanybelyeg","10":"pa_catalog_id-507","12":"first","13":"instock","14":"sold-individually","15":"shipping-taxable","16":"product-type-simple"},"_links":{"self":[{"href":"https:\/\/stampcurio.com\/hu\/wp-json\/wp\/v2\/product\/4308","targetHints":{"allow":["GET"]}}],"collection":[{"href":"https:\/\/stampcurio.com\/hu\/wp-json\/wp\/v2\/product"}],"about":[{"href":"https:\/\/stampcurio.com\/hu\/wp-json\/wp\/v2\/types\/product"}],"wp:featuredmedia":[{"embeddable":true,"href":"https:\/\/stampcurio.com\/hu\/wp-json\/wp\/v2\/media\/11391"}],"wp:attachment":[{"href":"https:\/\/stampcurio.com\/hu\/wp-json\/wp\/v2\/media?parent=4308"}],"wp:term":[{"taxonomy":"product_brand","embeddable":true,"href":"https:\/\/stampcurio.com\/hu\/wp-json\/wp\/v2\/product_brand?post=4308"},{"taxonomy":"product_cat","embeddable":true,"href":"https:\/\/stampcurio.com\/hu\/wp-json\/wp\/v2\/product_cat?post=4308"},{"taxonomy":"product_tag","embeddable":true,"href":"https:\/\/stampcurio.com\/hu\/wp-json\/wp\/v2\/product_tag?post=4308"}],"curies":[{"name":"wp","href":"https:\/\/api.w.org\/{rel}","templated":true}]}}