{"id":4305,"date":"2023-11-18T21:25:19","date_gmt":"2023-11-18T20:25:19","guid":{"rendered":"http:\/\/stampcurio.com\/?post_type=product&#038;p=4305"},"modified":"2025-12-05T04:12:25","modified_gmt":"2025-12-05T03:12:25","slug":"1861-ausztria-postatiszta-15kr-enyvezes-nelkul-ferchenbauer-szignoval-ferchenbauer-115-eur","status":"publish","type":"product","link":"https:\/\/stampcurio.com\/hu\/termek\/1861-ausztria-postatiszta-15kr-enyvezes-nelkul-ferchenbauer-szignoval-ferchenbauer-115-eur\/","title":{"rendered":"1861 Ausztria postatiszta 15kr enyvez\u00e9s n\u00e9lk\u00fcl &#8211; Ferchenbauer szign\u00f3val &#8211; Ferchenbauer 115 EUR"},"content":{"rendered":"","protected":false},"excerpt":{"rendered":"","protected":false},"featured_media":11397,"template":"","meta":[],"product_brand":[],"product_cat":[60],"product_tag":[1044,116],"class_list":{"0":"post-4305","1":"product","2":"type-product","3":"status-publish","4":"has-post-thumbnail","6":"product_cat-ausztria-1st","7":"product_tag-1st-auction-hu","8":"product_tag-belyeg","9":"pa_catalog_id-505","11":"first","12":"instock","13":"sold-individually","14":"shipping-taxable","15":"product-type-simple"},"_links":{"self":[{"href":"https:\/\/stampcurio.com\/hu\/wp-json\/wp\/v2\/product\/4305","targetHints":{"allow":["GET"]}}],"collection":[{"href":"https:\/\/stampcurio.com\/hu\/wp-json\/wp\/v2\/product"}],"about":[{"href":"https:\/\/stampcurio.com\/hu\/wp-json\/wp\/v2\/types\/product"}],"wp:featuredmedia":[{"embeddable":true,"href":"https:\/\/stampcurio.com\/hu\/wp-json\/wp\/v2\/media\/11397"}],"wp:attachment":[{"href":"https:\/\/stampcurio.com\/hu\/wp-json\/wp\/v2\/media?parent=4305"}],"wp:term":[{"taxonomy":"product_brand","embeddable":true,"href":"https:\/\/stampcurio.com\/hu\/wp-json\/wp\/v2\/product_brand?post=4305"},{"taxonomy":"product_cat","embeddable":true,"href":"https:\/\/stampcurio.com\/hu\/wp-json\/wp\/v2\/product_cat?post=4305"},{"taxonomy":"product_tag","embeddable":true,"href":"https:\/\/stampcurio.com\/hu\/wp-json\/wp\/v2\/product_tag?post=4305"}],"curies":[{"name":"wp","href":"https:\/\/api.w.org\/{rel}","templated":true}]}}