{"id":4301,"date":"2023-11-18T21:22:32","date_gmt":"2023-11-18T20:22:32","guid":{"rendered":"http:\/\/stampcurio.com\/?post_type=product&#038;p=4301"},"modified":"2025-12-05T04:12:26","modified_gmt":"2025-12-05T03:12:26","slug":"1931-zeppelin-2p-pecsetelt-belyeg-rendkivul-ritkan-lathato-papirranccal","status":"publish","type":"product","link":"https:\/\/stampcurio.com\/hu\/termek\/1931-zeppelin-2p-pecsetelt-belyeg-rendkivul-ritkan-lathato-papirranccal\/","title":{"rendered":"1931 Zeppelin 2P pecs\u00e9telt b\u00e9lyeg rendk\u00edv\u00fcl ritk\u00e1n l\u00e1that\u00f3 pap\u00edrr\u00e1nccal"},"content":{"rendered":"","protected":false},"excerpt":{"rendered":"","protected":false},"featured_media":4120,"template":"","meta":[],"product_brand":[],"product_cat":[73],"product_tag":[1044,116,115,176,217,150],"class_list":{"0":"post-4301","1":"product","2":"type-product","3":"status-publish","4":"has-post-thumbnail","6":"product_cat-magyarorszag-1st","7":"product_tag-1st-auction-hu","8":"product_tag-belyeg","9":"product_tag-legiposta","10":"product_tag-philagem","11":"product_tag-tevnyomat","12":"product_tag-zeppelin","13":"pa_catalog_id-504","15":"first","16":"instock","17":"sold-individually","18":"shipping-taxable","19":"product-type-simple"},"_links":{"self":[{"href":"https:\/\/stampcurio.com\/hu\/wp-json\/wp\/v2\/product\/4301","targetHints":{"allow":["GET"]}}],"collection":[{"href":"https:\/\/stampcurio.com\/hu\/wp-json\/wp\/v2\/product"}],"about":[{"href":"https:\/\/stampcurio.com\/hu\/wp-json\/wp\/v2\/types\/product"}],"wp:featuredmedia":[{"embeddable":true,"href":"https:\/\/stampcurio.com\/hu\/wp-json\/wp\/v2\/media\/4120"}],"wp:attachment":[{"href":"https:\/\/stampcurio.com\/hu\/wp-json\/wp\/v2\/media?parent=4301"}],"wp:term":[{"taxonomy":"product_brand","embeddable":true,"href":"https:\/\/stampcurio.com\/hu\/wp-json\/wp\/v2\/product_brand?post=4301"},{"taxonomy":"product_cat","embeddable":true,"href":"https:\/\/stampcurio.com\/hu\/wp-json\/wp\/v2\/product_cat?post=4301"},{"taxonomy":"product_tag","embeddable":true,"href":"https:\/\/stampcurio.com\/hu\/wp-json\/wp\/v2\/product_tag?post=4301"}],"curies":[{"name":"wp","href":"https:\/\/api.w.org\/{rel}","templated":true}]}}