{"id":4294,"date":"2023-11-18T21:11:42","date_gmt":"2023-11-18T20:11:42","guid":{"rendered":"http:\/\/stampcurio.com\/?post_type=product&#038;p=4294"},"modified":"2025-12-05T04:12:27","modified_gmt":"2025-12-05T03:12:27","slug":"1946-billpengos-galambos-kiadas-5-billios-erteke-alul-fogazatlanul-postatiszta","status":"publish","type":"product","link":"https:\/\/stampcurio.com\/hu\/termek\/1946-billpengos-galambos-kiadas-5-billios-erteke-alul-fogazatlanul-postatiszta\/","title":{"rendered":"1946 Billpeng\u0151s galambos kiad\u00e1s 5 billi\u00f3s \u00e9rt\u00e9ke alul fogazatlanul postatiszta **"},"content":{"rendered":"","protected":false},"excerpt":{"rendered":"","protected":false},"featured_media":11405,"template":"","meta":[],"product_brand":[],"product_cat":[73],"product_tag":[1044,116,1008,217],"class_list":{"0":"post-4294","1":"product","2":"type-product","3":"status-publish","4":"has-post-thumbnail","6":"product_cat-magyarorszag-1st","7":"product_tag-1st-auction-hu","8":"product_tag-belyeg","9":"product_tag-ebay","10":"product_tag-tevnyomat","11":"pa_catalog_id-502","13":"first","14":"instock","15":"sold-individually","16":"shipping-taxable","17":"product-type-simple"},"_links":{"self":[{"href":"https:\/\/stampcurio.com\/hu\/wp-json\/wp\/v2\/product\/4294","targetHints":{"allow":["GET"]}}],"collection":[{"href":"https:\/\/stampcurio.com\/hu\/wp-json\/wp\/v2\/product"}],"about":[{"href":"https:\/\/stampcurio.com\/hu\/wp-json\/wp\/v2\/types\/product"}],"wp:featuredmedia":[{"embeddable":true,"href":"https:\/\/stampcurio.com\/hu\/wp-json\/wp\/v2\/media\/11405"}],"wp:attachment":[{"href":"https:\/\/stampcurio.com\/hu\/wp-json\/wp\/v2\/media?parent=4294"}],"wp:term":[{"taxonomy":"product_brand","embeddable":true,"href":"https:\/\/stampcurio.com\/hu\/wp-json\/wp\/v2\/product_brand?post=4294"},{"taxonomy":"product_cat","embeddable":true,"href":"https:\/\/stampcurio.com\/hu\/wp-json\/wp\/v2\/product_cat?post=4294"},{"taxonomy":"product_tag","embeddable":true,"href":"https:\/\/stampcurio.com\/hu\/wp-json\/wp\/v2\/product_tag?post=4294"}],"curies":[{"name":"wp","href":"https:\/\/api.w.org\/{rel}","templated":true}]}}