{"id":4292,"date":"2023-11-18T21:07:39","date_gmt":"2023-11-18T20:07:39","guid":{"rendered":"http:\/\/stampcurio.com\/?post_type=product&#038;p=4292"},"modified":"2025-12-05T04:12:27","modified_gmt":"2025-12-05T03:12:27","slug":"1957-lenin-es-picasso-postatiszta-negyestombokben-11-5-fogazattal-phu-24-000-ft","status":"publish","type":"product","link":"https:\/\/stampcurio.com\/hu\/termek\/1957-lenin-es-picasso-postatiszta-negyestombokben-11-5-fogazattal-phu-24-000-ft\/","title":{"rendered":"1957 Lenin \u00e9s Picasso postatiszta ** n\u00e9gyest\u00f6mb\u00f6kben, 11.5 fogazattal PHu 24.000 Ft"},"content":{"rendered":"","protected":false},"excerpt":{"rendered":"<p>Picasso XIII.a v\u00edzjel<br \/>\nlenin XIII.b v\u00edzjel<\/p>\n","protected":false},"featured_media":4102,"template":"","meta":[],"product_brand":[],"product_cat":[73],"product_tag":[1044,116],"class_list":{"0":"post-4292","1":"product","2":"type-product","3":"status-publish","4":"has-post-thumbnail","6":"product_cat-magyarorszag-1st","7":"product_tag-1st-auction-hu","8":"product_tag-belyeg","9":"pa_catalog_id-501","11":"first","12":"instock","13":"sold-individually","14":"shipping-taxable","15":"product-type-simple"},"_links":{"self":[{"href":"https:\/\/stampcurio.com\/hu\/wp-json\/wp\/v2\/product\/4292","targetHints":{"allow":["GET"]}}],"collection":[{"href":"https:\/\/stampcurio.com\/hu\/wp-json\/wp\/v2\/product"}],"about":[{"href":"https:\/\/stampcurio.com\/hu\/wp-json\/wp\/v2\/types\/product"}],"wp:featuredmedia":[{"embeddable":true,"href":"https:\/\/stampcurio.com\/hu\/wp-json\/wp\/v2\/media\/4102"}],"wp:attachment":[{"href":"https:\/\/stampcurio.com\/hu\/wp-json\/wp\/v2\/media?parent=4292"}],"wp:term":[{"taxonomy":"product_brand","embeddable":true,"href":"https:\/\/stampcurio.com\/hu\/wp-json\/wp\/v2\/product_brand?post=4292"},{"taxonomy":"product_cat","embeddable":true,"href":"https:\/\/stampcurio.com\/hu\/wp-json\/wp\/v2\/product_cat?post=4292"},{"taxonomy":"product_tag","embeddable":true,"href":"https:\/\/stampcurio.com\/hu\/wp-json\/wp\/v2\/product_tag?post=4292"}],"curies":[{"name":"wp","href":"https:\/\/api.w.org\/{rel}","templated":true}]}}