{"id":4289,"date":"2023-11-18T21:02:05","date_gmt":"2023-11-18T20:02:05","guid":{"rendered":"http:\/\/stampcurio.com\/?post_type=product&#038;p=4289"},"modified":"2025-12-05T04:12:27","modified_gmt":"2025-12-05T03:12:27","slug":"1873-illetekbelyeg-3kr-es-5kr-karjcaros-ertekek-de-a-forintos-ertekek-vizjelevel-tevnyomat","status":"publish","type":"product","link":"https:\/\/stampcurio.com\/hu\/termek\/1873-illetekbelyeg-3kr-es-5kr-karjcaros-ertekek-de-a-forintos-ertekek-vizjelevel-tevnyomat\/","title":{"rendered":"1873 illet\u00e9kb\u00e9lyeg 3kr \u00e9s 5kr karjc\u00e1ros \u00e9rt\u00e9kek, de a forintos \u00e9rt\u00e9kek v\u00edzjel\u00e9vel &#8211; t\u00e9vnyomat"},"content":{"rendered":"","protected":false},"excerpt":{"rendered":"","protected":false},"featured_media":4087,"template":"","meta":[],"product_brand":[],"product_cat":[73],"product_tag":[1044,282,217],"class_list":{"0":"post-4289","1":"product","2":"type-product","3":"status-publish","4":"has-post-thumbnail","6":"product_cat-magyarorszag-1st","7":"product_tag-1st-auction-hu","8":"product_tag-okmanybelyeg","9":"product_tag-tevnyomat","10":"pa_catalog_id-500","12":"first","13":"instock","14":"sold-individually","15":"shipping-taxable","16":"product-type-simple"},"_links":{"self":[{"href":"https:\/\/stampcurio.com\/hu\/wp-json\/wp\/v2\/product\/4289","targetHints":{"allow":["GET"]}}],"collection":[{"href":"https:\/\/stampcurio.com\/hu\/wp-json\/wp\/v2\/product"}],"about":[{"href":"https:\/\/stampcurio.com\/hu\/wp-json\/wp\/v2\/types\/product"}],"wp:featuredmedia":[{"embeddable":true,"href":"https:\/\/stampcurio.com\/hu\/wp-json\/wp\/v2\/media\/4087"}],"wp:attachment":[{"href":"https:\/\/stampcurio.com\/hu\/wp-json\/wp\/v2\/media?parent=4289"}],"wp:term":[{"taxonomy":"product_brand","embeddable":true,"href":"https:\/\/stampcurio.com\/hu\/wp-json\/wp\/v2\/product_brand?post=4289"},{"taxonomy":"product_cat","embeddable":true,"href":"https:\/\/stampcurio.com\/hu\/wp-json\/wp\/v2\/product_cat?post=4289"},{"taxonomy":"product_tag","embeddable":true,"href":"https:\/\/stampcurio.com\/hu\/wp-json\/wp\/v2\/product_tag?post=4289"}],"curies":[{"name":"wp","href":"https:\/\/api.w.org\/{rel}","templated":true}]}}