{"id":4284,"date":"2023-11-18T20:49:04","date_gmt":"2023-11-18T19:49:04","guid":{"rendered":"http:\/\/stampcurio.com\/?post_type=product&#038;p=4284"},"modified":"2025-12-05T04:12:28","modified_gmt":"2025-12-05T03:12:28","slug":"1850-ausztria-9kr-iiia-tipus-sotetkek-belyeg-012mm-vastag-karton-papiron-rendkivul-latvanyos-festekfolttal-pancsova-belyegzessel","status":"publish","type":"product","link":"https:\/\/stampcurio.com\/hu\/termek\/1850-ausztria-9kr-iiia-tipus-sotetkek-belyeg-012mm-vastag-karton-papiron-rendkivul-latvanyos-festekfolttal-pancsova-belyegzessel\/","title":{"rendered":"1850 Ausztria 9kr IIIa tipus s\u00f6t\u00e9tk\u00e9k b\u00e9lyeg 0,12mm vastag karton pap\u00edron &#8211; rendk\u00edv\u00fcl l\u00e1tv\u00e1nyos fest\u00e9kfolttal PANCSOVA b\u00e9lyegz\u00e9ssel"},"content":{"rendered":"","protected":false},"excerpt":{"rendered":"","protected":false},"featured_media":4062,"template":"","meta":[],"product_brand":[],"product_cat":[60,73,135],"product_tag":[1044,116,67,176],"class_list":{"0":"post-4284","1":"product","2":"type-product","3":"status-publish","4":"has-post-thumbnail","6":"product_cat-ausztria-1st","7":"product_cat-magyarorszag-1st","8":"product_cat-szerbia-1st","9":"product_tag-1st-auction-hu","10":"product_tag-belyeg","11":"product_tag-marcofilatelia","12":"product_tag-philagem","13":"pa_catalog_id-497","15":"first","16":"instock","17":"sold-individually","18":"shipping-taxable","19":"product-type-simple"},"_links":{"self":[{"href":"https:\/\/stampcurio.com\/hu\/wp-json\/wp\/v2\/product\/4284","targetHints":{"allow":["GET"]}}],"collection":[{"href":"https:\/\/stampcurio.com\/hu\/wp-json\/wp\/v2\/product"}],"about":[{"href":"https:\/\/stampcurio.com\/hu\/wp-json\/wp\/v2\/types\/product"}],"wp:featuredmedia":[{"embeddable":true,"href":"https:\/\/stampcurio.com\/hu\/wp-json\/wp\/v2\/media\/4062"}],"wp:attachment":[{"href":"https:\/\/stampcurio.com\/hu\/wp-json\/wp\/v2\/media?parent=4284"}],"wp:term":[{"taxonomy":"product_brand","embeddable":true,"href":"https:\/\/stampcurio.com\/hu\/wp-json\/wp\/v2\/product_brand?post=4284"},{"taxonomy":"product_cat","embeddable":true,"href":"https:\/\/stampcurio.com\/hu\/wp-json\/wp\/v2\/product_cat?post=4284"},{"taxonomy":"product_tag","embeddable":true,"href":"https:\/\/stampcurio.com\/hu\/wp-json\/wp\/v2\/product_tag?post=4284"}],"curies":[{"name":"wp","href":"https:\/\/api.w.org\/{rel}","templated":true}]}}