{"id":4282,"date":"2023-11-18T20:45:32","date_gmt":"2023-11-18T19:45:32","guid":{"rendered":"http:\/\/stampcurio.com\/?post_type=product&#038;p=4282"},"modified":"2025-12-05T04:12:29","modified_gmt":"2025-12-05T03:12:29","slug":"1850-ausztria-9kr-i-tipus-100-ivhely-melyen-ulo-9-s-lemezhiba-andraskereszt-vegzodes-pressburg-belyegzes","status":"publish","type":"product","link":"https:\/\/stampcurio.com\/hu\/termek\/1850-ausztria-9kr-i-tipus-100-ivhely-melyen-ulo-9-s-lemezhiba-andraskereszt-vegzodes-pressburg-belyegzes\/","title":{"rendered":"1850 Ausztria 9kr I. tipus 100. \u00edvhely &#8211; m\u00e9lyen \u00fcl\u0151 9-s lemezhiba &#8211; Andr\u00e1skereszt v\u00e9gz\u0151d\u00e9s, PRESSBURG b\u00e9lyegz\u00e9s"},"content":{"rendered":"","protected":false},"excerpt":{"rendered":"<p>Gudlin 250 pont<\/p>\n","protected":false},"featured_media":11379,"template":"","meta":[],"product_brand":[],"product_cat":[60,73,193],"product_tag":[1044,116,67],"class_list":{"0":"post-4282","1":"product","2":"type-product","3":"status-publish","4":"has-post-thumbnail","6":"product_cat-ausztria-1st","7":"product_cat-magyarorszag-1st","8":"product_cat-szlovakia-1st","9":"product_tag-1st-auction-hu","10":"product_tag-belyeg","11":"product_tag-marcofilatelia","12":"pa_catalog_id-496","14":"first","15":"instock","16":"sold-individually","17":"shipping-taxable","18":"product-type-simple"},"_links":{"self":[{"href":"https:\/\/stampcurio.com\/hu\/wp-json\/wp\/v2\/product\/4282","targetHints":{"allow":["GET"]}}],"collection":[{"href":"https:\/\/stampcurio.com\/hu\/wp-json\/wp\/v2\/product"}],"about":[{"href":"https:\/\/stampcurio.com\/hu\/wp-json\/wp\/v2\/types\/product"}],"wp:featuredmedia":[{"embeddable":true,"href":"https:\/\/stampcurio.com\/hu\/wp-json\/wp\/v2\/media\/11379"}],"wp:attachment":[{"href":"https:\/\/stampcurio.com\/hu\/wp-json\/wp\/v2\/media?parent=4282"}],"wp:term":[{"taxonomy":"product_brand","embeddable":true,"href":"https:\/\/stampcurio.com\/hu\/wp-json\/wp\/v2\/product_brand?post=4282"},{"taxonomy":"product_cat","embeddable":true,"href":"https:\/\/stampcurio.com\/hu\/wp-json\/wp\/v2\/product_cat?post=4282"},{"taxonomy":"product_tag","embeddable":true,"href":"https:\/\/stampcurio.com\/hu\/wp-json\/wp\/v2\/product_tag?post=4282"}],"curies":[{"name":"wp","href":"https:\/\/api.w.org\/{rel}","templated":true}]}}