{"id":4279,"date":"2023-11-18T20:41:48","date_gmt":"2023-11-18T19:41:48","guid":{"rendered":"http:\/\/stampcurio.com\/?post_type=product&#038;p=4279"},"modified":"2025-12-05T04:12:29","modified_gmt":"2025-12-05T03:12:29","slug":"1850-ausztria-9kr-i-tipus-latvanyos-tojas-a-koronaban-lemezhibaval-muhlbach-erdelyi-lebelyegzessel-kezirasos-datummal-gudlin-r-muller-70p","status":"publish","type":"product","link":"https:\/\/stampcurio.com\/hu\/termek\/1850-ausztria-9kr-i-tipus-latvanyos-tojas-a-koronaban-lemezhibaval-muhlbach-erdelyi-lebelyegzessel-kezirasos-datummal-gudlin-r-muller-70p\/","title":{"rendered":"1850 Ausztria 9kr I. tipus, l\u00e1tv\u00e1nyos &#8220;toj\u00e1s a koron\u00e1ban&#8221; lemezhib\u00e1val + M\u00dcHLBACH erd\u00e9lyi leb\u00e9lyegz\u00e9ssel k\u00e9z\u00edr\u00e1sos d\u00e1tummal Gudlin R M\u00fcller 70p"},"content":{"rendered":"","protected":false},"excerpt":{"rendered":"","protected":false},"featured_media":4036,"template":"","meta":[],"product_brand":[],"product_cat":[60,73,105],"product_tag":[1044,116,67,176],"class_list":{"0":"post-4279","1":"product","2":"type-product","3":"status-publish","4":"has-post-thumbnail","6":"product_cat-ausztria-1st","7":"product_cat-magyarorszag-1st","8":"product_cat-romania-1st","9":"product_tag-1st-auction-hu","10":"product_tag-belyeg","11":"product_tag-marcofilatelia","12":"product_tag-philagem","13":"pa_catalog_id-495","15":"first","16":"instock","17":"sold-individually","18":"shipping-taxable","19":"product-type-simple"},"_links":{"self":[{"href":"https:\/\/stampcurio.com\/hu\/wp-json\/wp\/v2\/product\/4279","targetHints":{"allow":["GET"]}}],"collection":[{"href":"https:\/\/stampcurio.com\/hu\/wp-json\/wp\/v2\/product"}],"about":[{"href":"https:\/\/stampcurio.com\/hu\/wp-json\/wp\/v2\/types\/product"}],"wp:featuredmedia":[{"embeddable":true,"href":"https:\/\/stampcurio.com\/hu\/wp-json\/wp\/v2\/media\/4036"}],"wp:attachment":[{"href":"https:\/\/stampcurio.com\/hu\/wp-json\/wp\/v2\/media?parent=4279"}],"wp:term":[{"taxonomy":"product_brand","embeddable":true,"href":"https:\/\/stampcurio.com\/hu\/wp-json\/wp\/v2\/product_brand?post=4279"},{"taxonomy":"product_cat","embeddable":true,"href":"https:\/\/stampcurio.com\/hu\/wp-json\/wp\/v2\/product_cat?post=4279"},{"taxonomy":"product_tag","embeddable":true,"href":"https:\/\/stampcurio.com\/hu\/wp-json\/wp\/v2\/product_tag?post=4279"}],"curies":[{"name":"wp","href":"https:\/\/api.w.org\/{rel}","templated":true}]}}