{"id":4276,"date":"2023-11-18T20:35:06","date_gmt":"2023-11-18T19:35:06","guid":{"rendered":"http:\/\/stampcurio.com\/?post_type=product&#038;p=4276"},"modified":"2025-12-05T04:12:30","modified_gmt":"2025-12-05T03:12:30","slug":"1851-ausztria-kek-merkur-hasznalatlan-enyvezes-nelkul-ib-tipus-geripptes-papirral-fercbenbauer-135-eur","status":"publish","type":"product","link":"https:\/\/stampcurio.com\/hu\/termek\/1851-ausztria-kek-merkur-hasznalatlan-enyvezes-nelkul-ib-tipus-geripptes-papirral-fercbenbauer-135-eur\/","title":{"rendered":"1851 Ausztria k\u00e9k merk\u00far haszn\u00e1latlan enyvez\u00e9s n\u00e9lk\u00fcl Ib tipus &#8220;geripptes&#8221; pap\u00edrral Fercbenbauer 135 EUR"},"content":{"rendered":"","protected":false},"excerpt":{"rendered":"","protected":false},"featured_media":4012,"template":"","meta":[],"product_brand":[],"product_cat":[60],"product_tag":[1044,116],"class_list":{"0":"post-4276","1":"product","2":"type-product","3":"status-publish","4":"has-post-thumbnail","6":"product_cat-ausztria-1st","7":"product_tag-1st-auction-hu","8":"product_tag-belyeg","9":"pa_catalog_id-493","11":"first","12":"instock","13":"sold-individually","14":"shipping-taxable","15":"product-type-simple"},"_links":{"self":[{"href":"https:\/\/stampcurio.com\/hu\/wp-json\/wp\/v2\/product\/4276","targetHints":{"allow":["GET"]}}],"collection":[{"href":"https:\/\/stampcurio.com\/hu\/wp-json\/wp\/v2\/product"}],"about":[{"href":"https:\/\/stampcurio.com\/hu\/wp-json\/wp\/v2\/types\/product"}],"wp:featuredmedia":[{"embeddable":true,"href":"https:\/\/stampcurio.com\/hu\/wp-json\/wp\/v2\/media\/4012"}],"wp:attachment":[{"href":"https:\/\/stampcurio.com\/hu\/wp-json\/wp\/v2\/media?parent=4276"}],"wp:term":[{"taxonomy":"product_brand","embeddable":true,"href":"https:\/\/stampcurio.com\/hu\/wp-json\/wp\/v2\/product_brand?post=4276"},{"taxonomy":"product_cat","embeddable":true,"href":"https:\/\/stampcurio.com\/hu\/wp-json\/wp\/v2\/product_cat?post=4276"},{"taxonomy":"product_tag","embeddable":true,"href":"https:\/\/stampcurio.com\/hu\/wp-json\/wp\/v2\/product_tag?post=4276"}],"curies":[{"name":"wp","href":"https:\/\/api.w.org\/{rel}","templated":true}]}}