{"id":4272,"date":"2023-11-18T20:26:59","date_gmt":"2023-11-18T19:26:59","guid":{"rendered":"http:\/\/stampcurio.com\/?post_type=product&#038;p=4272"},"modified":"2025-12-05T04:12:31","modified_gmt":"2025-12-05T03:12:31","slug":"1850-ausztria-3kr-type-i-a-2-cinobervoros-kettos-lemezhiabaval-reszletek-az-attestban-fogaras-belyegzessel-fercbenhauer-210-eur","status":"publish","type":"product","link":"https:\/\/stampcurio.com\/hu\/termek\/1850-ausztria-3kr-type-i-a-2-cinobervoros-kettos-lemezhiabaval-reszletek-az-attestban-fogaras-belyegzessel-fercbenhauer-210-eur\/","title":{"rendered":"1850 Ausztria 3kr Type I a\/2. cin\u00f3berv\u00f6r\u00f6s &#8211; kett\u0151s lemezhi\u00e1b\u00e1val r\u00e9szletek az attestban &#8211; FOGARAS b\u00e9lyegz\u00e9ssel &#8211; Fercbenhauer 210+ EUR"},"content":{"rendered":"","protected":false},"excerpt":{"rendered":"","protected":false},"featured_media":3988,"template":"","meta":[],"product_brand":[],"product_cat":[60,73,105],"product_tag":[1044,116,67],"class_list":{"0":"post-4272","1":"product","2":"type-product","3":"status-publish","4":"has-post-thumbnail","6":"product_cat-ausztria-1st","7":"product_cat-magyarorszag-1st","8":"product_cat-romania-1st","9":"product_tag-1st-auction-hu","10":"product_tag-belyeg","11":"product_tag-marcofilatelia","12":"pa_catalog_id-491","14":"first","15":"instock","16":"sold-individually","17":"shipping-taxable","18":"product-type-simple"},"_links":{"self":[{"href":"https:\/\/stampcurio.com\/hu\/wp-json\/wp\/v2\/product\/4272","targetHints":{"allow":["GET"]}}],"collection":[{"href":"https:\/\/stampcurio.com\/hu\/wp-json\/wp\/v2\/product"}],"about":[{"href":"https:\/\/stampcurio.com\/hu\/wp-json\/wp\/v2\/types\/product"}],"wp:featuredmedia":[{"embeddable":true,"href":"https:\/\/stampcurio.com\/hu\/wp-json\/wp\/v2\/media\/3988"}],"wp:attachment":[{"href":"https:\/\/stampcurio.com\/hu\/wp-json\/wp\/v2\/media?parent=4272"}],"wp:term":[{"taxonomy":"product_brand","embeddable":true,"href":"https:\/\/stampcurio.com\/hu\/wp-json\/wp\/v2\/product_brand?post=4272"},{"taxonomy":"product_cat","embeddable":true,"href":"https:\/\/stampcurio.com\/hu\/wp-json\/wp\/v2\/product_cat?post=4272"},{"taxonomy":"product_tag","embeddable":true,"href":"https:\/\/stampcurio.com\/hu\/wp-json\/wp\/v2\/product_tag?post=4272"}],"curies":[{"name":"wp","href":"https:\/\/api.w.org\/{rel}","templated":true}]}}