{"id":4270,"date":"2023-11-18T20:14:28","date_gmt":"2023-11-18T19:14:28","guid":{"rendered":"http:\/\/stampcurio.com\/?post_type=product&#038;p=4270"},"modified":"2025-12-05T04:12:32","modified_gmt":"2025-12-05T03:12:32","slug":"1850-ausztria-erdely-csodaszep-kivagas-harom-9kr-i-tipus-ket-3kr-i-tipus-geripptes-papirral-reszletek-az-attestban-leirva","status":"publish","type":"product","link":"https:\/\/stampcurio.com\/hu\/termek\/1850-ausztria-erdely-csodaszep-kivagas-harom-9kr-i-tipus-ket-3kr-i-tipus-geripptes-papirral-reszletek-az-attestban-leirva\/","title":{"rendered":"1850 Ausztria \/ Erd\u00e9ly csodasz\u00e9p kiv\u00e1g\u00e1s h\u00e1rom 9kr I. tipus + k\u00e9t 3kr I. tipus &#8220;geripptes&#8221; pap\u00edrral &#8211; r\u00e9szletek az attestban le\u00edrva"},"content":{"rendered":"","protected":false},"excerpt":{"rendered":"<p>BISTRITZ b\u00e9lyegz\u00e9ssel \u2013 Gudlin 500p Mueller 30p<\/p>\n","protected":false},"featured_media":3976,"template":"","meta":[],"product_brand":[],"product_cat":[60,73,105],"product_tag":[1044,116,67,176],"class_list":{"0":"post-4270","1":"product","2":"type-product","3":"status-publish","4":"has-post-thumbnail","6":"product_cat-ausztria-1st","7":"product_cat-magyarorszag-1st","8":"product_cat-romania-1st","9":"product_tag-1st-auction-hu","10":"product_tag-belyeg","11":"product_tag-marcofilatelia","12":"product_tag-philagem","13":"pa_catalog_id-490","15":"first","16":"instock","17":"sold-individually","18":"shipping-taxable","19":"product-type-simple"},"_links":{"self":[{"href":"https:\/\/stampcurio.com\/hu\/wp-json\/wp\/v2\/product\/4270","targetHints":{"allow":["GET"]}}],"collection":[{"href":"https:\/\/stampcurio.com\/hu\/wp-json\/wp\/v2\/product"}],"about":[{"href":"https:\/\/stampcurio.com\/hu\/wp-json\/wp\/v2\/types\/product"}],"wp:featuredmedia":[{"embeddable":true,"href":"https:\/\/stampcurio.com\/hu\/wp-json\/wp\/v2\/media\/3976"}],"wp:attachment":[{"href":"https:\/\/stampcurio.com\/hu\/wp-json\/wp\/v2\/media?parent=4270"}],"wp:term":[{"taxonomy":"product_brand","embeddable":true,"href":"https:\/\/stampcurio.com\/hu\/wp-json\/wp\/v2\/product_brand?post=4270"},{"taxonomy":"product_cat","embeddable":true,"href":"https:\/\/stampcurio.com\/hu\/wp-json\/wp\/v2\/product_cat?post=4270"},{"taxonomy":"product_tag","embeddable":true,"href":"https:\/\/stampcurio.com\/hu\/wp-json\/wp\/v2\/product_tag?post=4270"}],"curies":[{"name":"wp","href":"https:\/\/api.w.org\/{rel}","templated":true}]}}