{"id":4262,"date":"2023-11-18T19:59:09","date_gmt":"2023-11-18T18:59:09","guid":{"rendered":"http:\/\/stampcurio.com\/?post_type=product&#038;p=4262"},"modified":"2025-12-05T04:12:33","modified_gmt":"2025-12-05T03:12:33","slug":"1850-ausztria-1kr-type-iii-kadmium-sarga-agram-belyegzessel-ferchenbauer-eur","status":"publish","type":"product","link":"https:\/\/stampcurio.com\/hu\/termek\/1850-ausztria-1kr-type-iii-kadmium-sarga-agram-belyegzessel-ferchenbauer-eur\/","title":{"rendered":"1850 Ausztria 1kr type III, kadmium s\u00e1rga AGRAM b\u00e9lyegz\u00e9ssel \u2013 Ferchenbauer  EUR"},"content":{"rendered":"","protected":false},"excerpt":{"rendered":"","protected":false},"featured_media":3928,"template":"","meta":[],"product_brand":[],"product_cat":[60,78,73],"product_tag":[1044,116,67],"class_list":{"0":"post-4262","1":"product","2":"type-product","3":"status-publish","4":"has-post-thumbnail","6":"product_cat-ausztria-1st","7":"product_cat-horvatorszag-1st","8":"product_cat-magyarorszag-1st","9":"product_tag-1st-auction-hu","10":"product_tag-belyeg","11":"product_tag-marcofilatelia","12":"pa_catalog_id-486","14":"first","15":"instock","16":"sold-individually","17":"shipping-taxable","18":"product-type-simple"},"_links":{"self":[{"href":"https:\/\/stampcurio.com\/hu\/wp-json\/wp\/v2\/product\/4262","targetHints":{"allow":["GET"]}}],"collection":[{"href":"https:\/\/stampcurio.com\/hu\/wp-json\/wp\/v2\/product"}],"about":[{"href":"https:\/\/stampcurio.com\/hu\/wp-json\/wp\/v2\/types\/product"}],"wp:featuredmedia":[{"embeddable":true,"href":"https:\/\/stampcurio.com\/hu\/wp-json\/wp\/v2\/media\/3928"}],"wp:attachment":[{"href":"https:\/\/stampcurio.com\/hu\/wp-json\/wp\/v2\/media?parent=4262"}],"wp:term":[{"taxonomy":"product_brand","embeddable":true,"href":"https:\/\/stampcurio.com\/hu\/wp-json\/wp\/v2\/product_brand?post=4262"},{"taxonomy":"product_cat","embeddable":true,"href":"https:\/\/stampcurio.com\/hu\/wp-json\/wp\/v2\/product_cat?post=4262"},{"taxonomy":"product_tag","embeddable":true,"href":"https:\/\/stampcurio.com\/hu\/wp-json\/wp\/v2\/product_tag?post=4262"}],"curies":[{"name":"wp","href":"https:\/\/api.w.org\/{rel}","templated":true}]}}