{"id":4251,"date":"2023-11-18T19:44:10","date_gmt":"2023-11-18T18:44:10","guid":{"rendered":"http:\/\/stampcurio.com\/?post_type=product&#038;p=4251"},"modified":"2025-12-05T04:12:35","modified_gmt":"2025-12-05T03:12:35","slug":"1850-ausztria-1kr-type-ib-aranysarga-012mm-kartonpapiron-pesth-belyegzessel-ferchenbauer-330-eur","status":"publish","type":"product","link":"https:\/\/stampcurio.com\/hu\/termek\/1850-ausztria-1kr-type-ib-aranysarga-012mm-kartonpapiron-pesth-belyegzessel-ferchenbauer-330-eur\/","title":{"rendered":"1850 Ausztria 1kr type Ib  aranys\u00e1rga + 0,12mm kartonpap\u00edron PESTH b\u00e9lyegz\u00e9ssel &#8211; Ferchenbauer 330 EUR"},"content":{"rendered":"","protected":false},"excerpt":{"rendered":"","protected":false},"featured_media":3867,"template":"","meta":[],"product_brand":[],"product_cat":[60,73],"product_tag":[1044,116,67],"class_list":{"0":"post-4251","1":"product","2":"type-product","3":"status-publish","4":"has-post-thumbnail","6":"product_cat-ausztria-1st","7":"product_cat-magyarorszag-1st","8":"product_tag-1st-auction-hu","9":"product_tag-belyeg","10":"product_tag-marcofilatelia","11":"pa_catalog_id-481","13":"first","14":"outofstock","15":"sold-individually","16":"shipping-taxable","17":"product-type-simple"},"_links":{"self":[{"href":"https:\/\/stampcurio.com\/hu\/wp-json\/wp\/v2\/product\/4251","targetHints":{"allow":["GET"]}}],"collection":[{"href":"https:\/\/stampcurio.com\/hu\/wp-json\/wp\/v2\/product"}],"about":[{"href":"https:\/\/stampcurio.com\/hu\/wp-json\/wp\/v2\/types\/product"}],"wp:featuredmedia":[{"embeddable":true,"href":"https:\/\/stampcurio.com\/hu\/wp-json\/wp\/v2\/media\/3867"}],"wp:attachment":[{"href":"https:\/\/stampcurio.com\/hu\/wp-json\/wp\/v2\/media?parent=4251"}],"wp:term":[{"taxonomy":"product_brand","embeddable":true,"href":"https:\/\/stampcurio.com\/hu\/wp-json\/wp\/v2\/product_brand?post=4251"},{"taxonomy":"product_cat","embeddable":true,"href":"https:\/\/stampcurio.com\/hu\/wp-json\/wp\/v2\/product_cat?post=4251"},{"taxonomy":"product_tag","embeddable":true,"href":"https:\/\/stampcurio.com\/hu\/wp-json\/wp\/v2\/product_tag?post=4251"}],"curies":[{"name":"wp","href":"https:\/\/api.w.org\/{rel}","templated":true}]}}