{"id":4249,"date":"2023-11-18T19:39:15","date_gmt":"2023-11-18T18:39:15","guid":{"rendered":"http:\/\/stampcurio.com\/?post_type=product&#038;p=4249"},"modified":"2025-12-05T04:12:35","modified_gmt":"2025-12-05T03:12:35","slug":"1850-ausztria-1kr-ib-tipus-ocker-sarga-5mm-ivszellel-salzburg-belyegzessel-ferchenbauer-175-eur-the-rand-is-315-eur","status":"publish","type":"product","link":"https:\/\/stampcurio.com\/hu\/termek\/1850-ausztria-1kr-ib-tipus-ocker-sarga-5mm-ivszellel-salzburg-belyegzessel-ferchenbauer-175-eur-the-rand-is-315-eur\/","title":{"rendered":"1850 Ausztria 1kr Ib tipus &#8211; ocker s\u00e1rga, 5mm \u00edvsz\u00e9llel SALZBURG b\u00e9lyegz\u00e9ssel &#8211; Ferchenbauer 175 EUR the rand is + 315 EUR"},"content":{"rendered":"","protected":false},"excerpt":{"rendered":"","protected":false},"featured_media":3855,"template":"","meta":[],"product_brand":[],"product_cat":[60],"product_tag":[1044,116,67],"class_list":{"0":"post-4249","1":"product","2":"type-product","3":"status-publish","4":"has-post-thumbnail","6":"product_cat-ausztria-1st","7":"product_tag-1st-auction-hu","8":"product_tag-belyeg","9":"product_tag-marcofilatelia","10":"pa_catalog_id-480","12":"first","13":"outofstock","14":"sold-individually","15":"shipping-taxable","16":"product-type-simple"},"_links":{"self":[{"href":"https:\/\/stampcurio.com\/hu\/wp-json\/wp\/v2\/product\/4249","targetHints":{"allow":["GET"]}}],"collection":[{"href":"https:\/\/stampcurio.com\/hu\/wp-json\/wp\/v2\/product"}],"about":[{"href":"https:\/\/stampcurio.com\/hu\/wp-json\/wp\/v2\/types\/product"}],"wp:featuredmedia":[{"embeddable":true,"href":"https:\/\/stampcurio.com\/hu\/wp-json\/wp\/v2\/media\/3855"}],"wp:attachment":[{"href":"https:\/\/stampcurio.com\/hu\/wp-json\/wp\/v2\/media?parent=4249"}],"wp:term":[{"taxonomy":"product_brand","embeddable":true,"href":"https:\/\/stampcurio.com\/hu\/wp-json\/wp\/v2\/product_brand?post=4249"},{"taxonomy":"product_cat","embeddable":true,"href":"https:\/\/stampcurio.com\/hu\/wp-json\/wp\/v2\/product_cat?post=4249"},{"taxonomy":"product_tag","embeddable":true,"href":"https:\/\/stampcurio.com\/hu\/wp-json\/wp\/v2\/product_tag?post=4249"}],"curies":[{"name":"wp","href":"https:\/\/api.w.org\/{rel}","templated":true}]}}