{"id":4247,"date":"2023-11-18T19:35:42","date_gmt":"2023-11-18T18:35:42","guid":{"rendered":"http:\/\/stampcurio.com\/?post_type=product&#038;p=4247"},"modified":"2025-12-05T04:12:36","modified_gmt":"2025-12-05T03:12:36","slug":"1850-austria-1kr-ib-tipus-aranysarga-pesth-belyegzes-ferchenbauer-300-eur","status":"publish","type":"product","link":"https:\/\/stampcurio.com\/hu\/termek\/1850-austria-1kr-ib-tipus-aranysarga-pesth-belyegzes-ferchenbauer-300-eur\/","title":{"rendered":"1850 Austria 1kr Ib tipus aranys\u00e1rga &#8211; PESTH b\u00e9lyegz\u00e9s &#8211; Ferchenbauer 300 EUR"},"content":{"rendered":"","protected":false},"excerpt":{"rendered":"","protected":false},"featured_media":3843,"template":"","meta":[],"product_brand":[],"product_cat":[60,73],"product_tag":[1044,116,67],"class_list":{"0":"post-4247","1":"product","2":"type-product","3":"status-publish","4":"has-post-thumbnail","6":"product_cat-ausztria-1st","7":"product_cat-magyarorszag-1st","8":"product_tag-1st-auction-hu","9":"product_tag-belyeg","10":"product_tag-marcofilatelia","11":"pa_catalog_id-479","13":"first","14":"outofstock","15":"sold-individually","16":"shipping-taxable","17":"product-type-simple"},"_links":{"self":[{"href":"https:\/\/stampcurio.com\/hu\/wp-json\/wp\/v2\/product\/4247","targetHints":{"allow":["GET"]}}],"collection":[{"href":"https:\/\/stampcurio.com\/hu\/wp-json\/wp\/v2\/product"}],"about":[{"href":"https:\/\/stampcurio.com\/hu\/wp-json\/wp\/v2\/types\/product"}],"wp:featuredmedia":[{"embeddable":true,"href":"https:\/\/stampcurio.com\/hu\/wp-json\/wp\/v2\/media\/3843"}],"wp:attachment":[{"href":"https:\/\/stampcurio.com\/hu\/wp-json\/wp\/v2\/media?parent=4247"}],"wp:term":[{"taxonomy":"product_brand","embeddable":true,"href":"https:\/\/stampcurio.com\/hu\/wp-json\/wp\/v2\/product_brand?post=4247"},{"taxonomy":"product_cat","embeddable":true,"href":"https:\/\/stampcurio.com\/hu\/wp-json\/wp\/v2\/product_cat?post=4247"},{"taxonomy":"product_tag","embeddable":true,"href":"https:\/\/stampcurio.com\/hu\/wp-json\/wp\/v2\/product_tag?post=4247"}],"curies":[{"name":"wp","href":"https:\/\/api.w.org\/{rel}","templated":true}]}}