{"id":4066,"date":"2023-11-18T19:25:09","date_gmt":"2023-11-18T18:25:09","guid":{"rendered":"http:\/\/stampcurio.com\/?post_type=product&#038;p=4066"},"modified":"2025-12-05T04:12:37","modified_gmt":"2025-12-05T03:12:37","slug":"1850-ausztria-1kr-iii-tipus-citromsarga-kesmark-belyegzessel-attest-goller-ferchenbauer-140-eur","status":"publish","type":"product","link":"https:\/\/stampcurio.com\/hu\/termek\/1850-ausztria-1kr-iii-tipus-citromsarga-kesmark-belyegzessel-attest-goller-ferchenbauer-140-eur\/","title":{"rendered":"1850 Ausztria 1kr III. tipus citroms\u00e1rga &#8211; K\u00c9SMARK b\u00e9lyegz\u00e9ssel &#8211; Attest Goller &#8211; Ferchenbauer 140 EUR"},"content":{"rendered":"","protected":false},"excerpt":{"rendered":"","protected":false},"featured_media":3807,"template":"","meta":[],"product_brand":[],"product_cat":[60,73,193],"product_tag":[1044,116,67],"class_list":{"0":"post-4066","1":"product","2":"type-product","3":"status-publish","4":"has-post-thumbnail","6":"product_cat-ausztria-1st","7":"product_cat-magyarorszag-1st","8":"product_cat-szlovakia-1st","9":"product_tag-1st-auction-hu","10":"product_tag-belyeg","11":"product_tag-marcofilatelia","12":"pa_catalog_id-476","14":"first","15":"outofstock","16":"sold-individually","17":"shipping-taxable","18":"product-type-simple"},"_links":{"self":[{"href":"https:\/\/stampcurio.com\/hu\/wp-json\/wp\/v2\/product\/4066","targetHints":{"allow":["GET"]}}],"collection":[{"href":"https:\/\/stampcurio.com\/hu\/wp-json\/wp\/v2\/product"}],"about":[{"href":"https:\/\/stampcurio.com\/hu\/wp-json\/wp\/v2\/types\/product"}],"wp:featuredmedia":[{"embeddable":true,"href":"https:\/\/stampcurio.com\/hu\/wp-json\/wp\/v2\/media\/3807"}],"wp:attachment":[{"href":"https:\/\/stampcurio.com\/hu\/wp-json\/wp\/v2\/media?parent=4066"}],"wp:term":[{"taxonomy":"product_brand","embeddable":true,"href":"https:\/\/stampcurio.com\/hu\/wp-json\/wp\/v2\/product_brand?post=4066"},{"taxonomy":"product_cat","embeddable":true,"href":"https:\/\/stampcurio.com\/hu\/wp-json\/wp\/v2\/product_cat?post=4066"},{"taxonomy":"product_tag","embeddable":true,"href":"https:\/\/stampcurio.com\/hu\/wp-json\/wp\/v2\/product_tag?post=4066"}],"curies":[{"name":"wp","href":"https:\/\/api.w.org\/{rel}","templated":true}]}}