{"id":3907,"date":"2023-11-18T19:21:12","date_gmt":"2023-11-18T18:21:12","guid":{"rendered":"http:\/\/stampcurio.com\/?post_type=product&#038;p=3907"},"modified":"2025-12-05T04:12:37","modified_gmt":"2025-12-05T03:12:37","slug":"1850-ausztria-erdely-ket-9kr-i-tipus-kivagason-bistritz-belyegzes-gudlin-500p-mueller-30p","status":"publish","type":"product","link":"https:\/\/stampcurio.com\/hu\/termek\/1850-ausztria-erdely-ket-9kr-i-tipus-kivagason-bistritz-belyegzes-gudlin-500p-mueller-30p\/","title":{"rendered":"1850 Ausztria \/ Erd\u00e9ly &#8211;  k\u00e9t 9kr I. tipus kiv\u00e1g\u00e1son BISTRITZ b\u00e9lyegz\u00e9s &#8211; Gudlin 500p Mueller 30p"},"content":{"rendered":"","protected":false},"excerpt":{"rendered":"","protected":false},"featured_media":11361,"template":"","meta":[],"product_brand":[],"product_cat":[60,73,105],"product_tag":[1044,116,67,1006],"class_list":{"0":"post-3907","1":"product","2":"type-product","3":"status-publish","4":"has-post-thumbnail","6":"product_cat-ausztria-1st","7":"product_cat-magyarorszag-1st","8":"product_cat-romania-1st","9":"product_tag-1st-auction-hu","10":"product_tag-belyeg","11":"product_tag-marcofilatelia","12":"product_tag-unsold","13":"pa_catalog_id-475","15":"first","16":"outofstock","17":"sold-individually","18":"shipping-taxable","19":"product-type-simple"},"_links":{"self":[{"href":"https:\/\/stampcurio.com\/hu\/wp-json\/wp\/v2\/product\/3907","targetHints":{"allow":["GET"]}}],"collection":[{"href":"https:\/\/stampcurio.com\/hu\/wp-json\/wp\/v2\/product"}],"about":[{"href":"https:\/\/stampcurio.com\/hu\/wp-json\/wp\/v2\/types\/product"}],"wp:featuredmedia":[{"embeddable":true,"href":"https:\/\/stampcurio.com\/hu\/wp-json\/wp\/v2\/media\/11361"}],"wp:attachment":[{"href":"https:\/\/stampcurio.com\/hu\/wp-json\/wp\/v2\/media?parent=3907"}],"wp:term":[{"taxonomy":"product_brand","embeddable":true,"href":"https:\/\/stampcurio.com\/hu\/wp-json\/wp\/v2\/product_brand?post=3907"},{"taxonomy":"product_cat","embeddable":true,"href":"https:\/\/stampcurio.com\/hu\/wp-json\/wp\/v2\/product_cat?post=3907"},{"taxonomy":"product_tag","embeddable":true,"href":"https:\/\/stampcurio.com\/hu\/wp-json\/wp\/v2\/product_tag?post=3907"}],"curies":[{"name":"wp","href":"https:\/\/api.w.org\/{rel}","templated":true}]}}