{"id":3771,"date":"2023-11-18T19:15:37","date_gmt":"2023-11-18T18:15:37","guid":{"rendered":"http:\/\/stampcurio.com\/?post_type=product&#038;p=3771"},"modified":"2025-12-05T04:12:38","modified_gmt":"2025-12-05T03:12:38","slug":"1850-extrem-mod-kepbe-vagott-9kr-kivagason-zalathna-belyegzes-gudlin-150p-mueller-25p-csalard-bermentesites","status":"publish","type":"product","link":"https:\/\/stampcurio.com\/hu\/termek\/1850-extrem-mod-kepbe-vagott-9kr-kivagason-zalathna-belyegzes-gudlin-150p-mueller-25p-csalard-bermentesites\/","title":{"rendered":"1850 extr\u00e9m m\u00f3d k\u00e9pbe v\u00e1gott 9kr kiv\u00e1g\u00e1son ZALATHNA b\u00e9lyegz\u00e9s Gudlin 150p Mueller 25p &#8211; csal\u00e1rd b\u00e9rmentes\u00edt\u00e9s"},"content":{"rendered":"","protected":false},"excerpt":{"rendered":"","protected":false},"featured_media":11358,"template":"","meta":[],"product_brand":[],"product_cat":[60,73,105],"product_tag":[1044,116,452,67],"class_list":{"0":"post-3771","1":"product","2":"type-product","3":"status-publish","4":"has-post-thumbnail","6":"product_cat-ausztria-1st","7":"product_cat-magyarorszag-1st","8":"product_cat-romania-1st","9":"product_tag-1st-auction-hu","10":"product_tag-belyeg","11":"product_tag-csalard-bermentesites","12":"product_tag-marcofilatelia","13":"pa_catalog_id-474","15":"first","16":"outofstock","17":"sold-individually","18":"shipping-taxable","19":"product-type-simple"},"_links":{"self":[{"href":"https:\/\/stampcurio.com\/hu\/wp-json\/wp\/v2\/product\/3771","targetHints":{"allow":["GET"]}}],"collection":[{"href":"https:\/\/stampcurio.com\/hu\/wp-json\/wp\/v2\/product"}],"about":[{"href":"https:\/\/stampcurio.com\/hu\/wp-json\/wp\/v2\/types\/product"}],"wp:featuredmedia":[{"embeddable":true,"href":"https:\/\/stampcurio.com\/hu\/wp-json\/wp\/v2\/media\/11358"}],"wp:attachment":[{"href":"https:\/\/stampcurio.com\/hu\/wp-json\/wp\/v2\/media?parent=3771"}],"wp:term":[{"taxonomy":"product_brand","embeddable":true,"href":"https:\/\/stampcurio.com\/hu\/wp-json\/wp\/v2\/product_brand?post=3771"},{"taxonomy":"product_cat","embeddable":true,"href":"https:\/\/stampcurio.com\/hu\/wp-json\/wp\/v2\/product_cat?post=3771"},{"taxonomy":"product_tag","embeddable":true,"href":"https:\/\/stampcurio.com\/hu\/wp-json\/wp\/v2\/product_tag?post=3771"}],"curies":[{"name":"wp","href":"https:\/\/api.w.org\/{rel}","templated":true}]}}