{"id":3760,"date":"2023-11-18T17:01:44","date_gmt":"2023-11-18T16:01:44","guid":{"rendered":"http:\/\/stampcurio.com\/?post_type=product&#038;p=3760"},"modified":"2025-12-05T04:12:38","modified_gmt":"2025-12-05T03:12:38","slug":"1867-level-elolapon-kekes-kraljevica-portore-belyegzes-gudlin-r-mueller-854","status":"publish","type":"product","link":"https:\/\/stampcurio.com\/hu\/termek\/1867-level-elolapon-kekes-kraljevica-portore-belyegzes-gudlin-r-mueller-854\/","title":{"rendered":"1867 lev\u00e9l el\u0151lapon k\u00e9kes KRALJEVICA-PORTORE b\u00e9lyegz\u00e9s Gudlin R \/ Mueller 85*4"},"content":{"rendered":"","protected":false},"excerpt":{"rendered":"<p>A leb\u00e9lyegz\u00e9s k\u00e9kes sz\u00edn\u0171.<br \/>\nA fekete b\u00e9lyegz\u00e9s Gudlin 700 pont \/ Mueller 70*3 pont<\/p>\n","protected":false},"featured_media":11367,"template":"","meta":[],"product_brand":[],"product_cat":[60,78,73],"product_tag":[1044,67],"class_list":{"0":"post-3760","1":"product","2":"type-product","3":"status-publish","4":"has-post-thumbnail","6":"product_cat-ausztria-1st","7":"product_cat-horvatorszag-1st","8":"product_cat-magyarorszag-1st","9":"product_tag-1st-auction-hu","10":"product_tag-marcofilatelia","11":"pa_catalog_id-472","13":"first","14":"outofstock","15":"sold-individually","16":"shipping-taxable","17":"product-type-simple"},"_links":{"self":[{"href":"https:\/\/stampcurio.com\/hu\/wp-json\/wp\/v2\/product\/3760","targetHints":{"allow":["GET"]}}],"collection":[{"href":"https:\/\/stampcurio.com\/hu\/wp-json\/wp\/v2\/product"}],"about":[{"href":"https:\/\/stampcurio.com\/hu\/wp-json\/wp\/v2\/types\/product"}],"wp:featuredmedia":[{"embeddable":true,"href":"https:\/\/stampcurio.com\/hu\/wp-json\/wp\/v2\/media\/11367"}],"wp:attachment":[{"href":"https:\/\/stampcurio.com\/hu\/wp-json\/wp\/v2\/media?parent=3760"}],"wp:term":[{"taxonomy":"product_brand","embeddable":true,"href":"https:\/\/stampcurio.com\/hu\/wp-json\/wp\/v2\/product_brand?post=3760"},{"taxonomy":"product_cat","embeddable":true,"href":"https:\/\/stampcurio.com\/hu\/wp-json\/wp\/v2\/product_cat?post=3760"},{"taxonomy":"product_tag","embeddable":true,"href":"https:\/\/stampcurio.com\/hu\/wp-json\/wp\/v2\/product_tag?post=3760"}],"curies":[{"name":"wp","href":"https:\/\/api.w.org\/{rel}","templated":true}]}}