{"id":3758,"date":"2023-11-18T16:57:21","date_gmt":"2023-11-18T15:57:21","guid":{"rendered":"http:\/\/stampcurio.com\/?post_type=product&#038;p=3758"},"modified":"2025-12-05T04:12:39","modified_gmt":"2025-12-05T03:12:39","slug":"1858-ausztralia-uj-del-wales-ajanlott-level-a-ritkan-lathato-1856-os-registration-belyeggel","status":"publish","type":"product","link":"https:\/\/stampcurio.com\/hu\/termek\/1858-ausztralia-uj-del-wales-ajanlott-level-a-ritkan-lathato-1856-os-registration-belyeggel\/","title":{"rendered":"1858 Ausztr\u00e1lia \/ \u00daj-D\u00e9l-Wales &#8211; aj\u00e1nlott lev\u00e9l a ritk\u00e1n l\u00e1that\u00f3 1856-os Registration b\u00e9lyeggel"},"content":{"rendered":"","protected":false},"excerpt":{"rendered":"<p>Kiss\u00e9 viseletes, de ritk\u00e1n l\u00e1that\u00f3 darab.<\/p>\n","protected":false},"featured_media":3648,"template":"","meta":[],"product_brand":[],"product_cat":[162],"product_tag":[1044,116,89],"class_list":{"0":"post-3758","1":"product","2":"type-product","3":"status-publish","4":"has-post-thumbnail","6":"product_cat-ausztralia-1st","7":"product_tag-1st-auction-hu","8":"product_tag-belyeg","9":"product_tag-postatortenet","10":"pa_catalog_id-471","12":"first","13":"outofstock","14":"sold-individually","15":"shipping-taxable","16":"product-type-simple"},"_links":{"self":[{"href":"https:\/\/stampcurio.com\/hu\/wp-json\/wp\/v2\/product\/3758","targetHints":{"allow":["GET"]}}],"collection":[{"href":"https:\/\/stampcurio.com\/hu\/wp-json\/wp\/v2\/product"}],"about":[{"href":"https:\/\/stampcurio.com\/hu\/wp-json\/wp\/v2\/types\/product"}],"wp:featuredmedia":[{"embeddable":true,"href":"https:\/\/stampcurio.com\/hu\/wp-json\/wp\/v2\/media\/3648"}],"wp:attachment":[{"href":"https:\/\/stampcurio.com\/hu\/wp-json\/wp\/v2\/media?parent=3758"}],"wp:term":[{"taxonomy":"product_brand","embeddable":true,"href":"https:\/\/stampcurio.com\/hu\/wp-json\/wp\/v2\/product_brand?post=3758"},{"taxonomy":"product_cat","embeddable":true,"href":"https:\/\/stampcurio.com\/hu\/wp-json\/wp\/v2\/product_cat?post=3758"},{"taxonomy":"product_tag","embeddable":true,"href":"https:\/\/stampcurio.com\/hu\/wp-json\/wp\/v2\/product_tag?post=3758"}],"curies":[{"name":"wp","href":"https:\/\/api.w.org\/{rel}","templated":true}]}}