{"id":3755,"date":"2023-11-18T16:50:21","date_gmt":"2023-11-18T15:50:21","guid":{"rendered":"http:\/\/stampcurio.com\/?post_type=product&#038;p=3755"},"modified":"2025-12-05T04:12:39","modified_gmt":"2025-12-05T03:12:39","slug":"1878-hasznalatlan-marhalevel-horvat-nemet-nyelvu-dijjegyes-urlap-hodobay-20-000-ft","status":"publish","type":"product","link":"https:\/\/stampcurio.com\/hu\/termek\/1878-hasznalatlan-marhalevel-horvat-nemet-nyelvu-dijjegyes-urlap-hodobay-20-000-ft\/","title":{"rendered":"1878  haszn\u00e1latlan marhalev\u00e9l Horv\u00e1t-n\u00e9met nyelv\u0171 d\u00edjjegyes \u0171rlap Hodobay 20.000 Ft"},"content":{"rendered":"","protected":false},"excerpt":{"rendered":"","protected":false},"featured_media":3597,"template":"","meta":[],"product_brand":[],"product_cat":[78,73],"product_tag":[1044,74,282],"class_list":{"0":"post-3755","1":"product","2":"type-product","3":"status-publish","4":"has-post-thumbnail","6":"product_cat-horvatorszag-1st","7":"product_cat-magyarorszag-1st","8":"product_tag-1st-auction-hu","9":"product_tag-dijjegyes","10":"product_tag-okmanybelyeg","11":"pa_catalog_id-470","13":"first","14":"outofstock","15":"sold-individually","16":"shipping-taxable","17":"product-type-simple"},"_links":{"self":[{"href":"https:\/\/stampcurio.com\/hu\/wp-json\/wp\/v2\/product\/3755","targetHints":{"allow":["GET"]}}],"collection":[{"href":"https:\/\/stampcurio.com\/hu\/wp-json\/wp\/v2\/product"}],"about":[{"href":"https:\/\/stampcurio.com\/hu\/wp-json\/wp\/v2\/types\/product"}],"wp:featuredmedia":[{"embeddable":true,"href":"https:\/\/stampcurio.com\/hu\/wp-json\/wp\/v2\/media\/3597"}],"wp:attachment":[{"href":"https:\/\/stampcurio.com\/hu\/wp-json\/wp\/v2\/media?parent=3755"}],"wp:term":[{"taxonomy":"product_brand","embeddable":true,"href":"https:\/\/stampcurio.com\/hu\/wp-json\/wp\/v2\/product_brand?post=3755"},{"taxonomy":"product_cat","embeddable":true,"href":"https:\/\/stampcurio.com\/hu\/wp-json\/wp\/v2\/product_cat?post=3755"},{"taxonomy":"product_tag","embeddable":true,"href":"https:\/\/stampcurio.com\/hu\/wp-json\/wp\/v2\/product_tag?post=3755"}],"curies":[{"name":"wp","href":"https:\/\/api.w.org\/{rel}","templated":true}]}}