{"id":3747,"date":"2023-11-18T16:25:49","date_gmt":"2023-11-18T15:25:49","guid":{"rendered":"http:\/\/stampcurio.com\/?post_type=product&#038;p=3747"},"modified":"2025-12-05T04:12:40","modified_gmt":"2025-12-05T03:12:40","slug":"1934-remek-koznapi-ajanlott-expressz-legiposta-boritek-1244-p-bermentesitessel-egry-aurel-felsohazi-tagnak","status":"publish","type":"product","link":"https:\/\/stampcurio.com\/hu\/termek\/1934-remek-koznapi-ajanlott-expressz-legiposta-boritek-1244-p-bermentesitessel-egry-aurel-felsohazi-tagnak\/","title":{"rendered":"1934 remek k\u00f6znapi aj\u00e1nlott expressz l\u00e9giposta bor\u00edt\u00e9k 12,44 P b\u00e9rmentes\u00edt\u00e9ssel &#8211; Egry Aur\u00e9l fels\u0151h\u00e1zi tagnak"},"content":{"rendered":"","protected":false},"excerpt":{"rendered":"<p>Rendk\u00edv\u00fcl ritka a rep\u00fcl\u0151 sor 5P c\u00edmlet\u00e9nek t\u00f6bbes k\u00f6znapi felhasz\u00e1l\u00e1sa!<\/p>\n<p>22. s\u00falykateg\u00f3ri\u00e1j\u00fa (420-440 gramm) l\u00e9giposta lev\u00e9l:<br \/>\nLev\u00e9l: 4,60P<br \/>\nL\u00e9giposta p\u00f3td\u00edj: 7,04 P<br \/>\nExpress d\u00edj: 80f<br \/>\nAj\u00e1nl\u00e1si d\u00edj felsz\u00e1m\u00edt\u00e1s\u00e1t lehagyta a post\u00e1s&#8230; igy a lev\u00e9l b\u00e9rmentes\u00edt\u00e9se 50f deficitet mutat. Ilyen kisebb t\u00e9ved\u00e9sek a bonyolult l\u00e9giposta levelekn\u00e9l sokszor el\u0151fordulnak, kedvesen sz\u00ednes\u00edve a lev\u00e9l postat\u00f6rt\u00e9neti vonatkoz\u00e1s\u00e1t.<\/p>\n<p>A c\u00edmzett Egry Aur\u00e9l fels\u0151h\u00e1zi tag, kinek a saj\u00e1t \u00fcgyv\u00e9di ir\u0151d\u00e1ja k\u00fcld\u00f6tt ki P\u00e1rizsba v\u00e9lhet\u0151en hivatalos iratokat.<br \/>\n<a href=\"https:\/\/hu.wikipedia.org\/wiki\/Egry_Aur%C3%A9l\">https:\/\/hu.wikipedia.org\/wiki\/Egry_Aur%C3%A9l<\/a><\/p>\n","protected":false},"featured_media":3750,"template":"","meta":[],"product_brand":[],"product_cat":[122,73],"product_tag":[1044,115,467,176,89],"class_list":{"0":"post-3747","1":"product","2":"type-product","3":"status-publish","4":"has-post-thumbnail","6":"product_cat-franciaorszag-1st","7":"product_cat-magyarorszag-1st","8":"product_tag-1st-auction-hu","9":"product_tag-legiposta","10":"product_tag-orszaghaz","11":"product_tag-philagem","12":"product_tag-postatortenet","13":"pa_catalog_id-466","15":"first","16":"outofstock","17":"sold-individually","18":"shipping-taxable","19":"product-type-simple"},"_links":{"self":[{"href":"https:\/\/stampcurio.com\/hu\/wp-json\/wp\/v2\/product\/3747","targetHints":{"allow":["GET"]}}],"collection":[{"href":"https:\/\/stampcurio.com\/hu\/wp-json\/wp\/v2\/product"}],"about":[{"href":"https:\/\/stampcurio.com\/hu\/wp-json\/wp\/v2\/types\/product"}],"wp:featuredmedia":[{"embeddable":true,"href":"https:\/\/stampcurio.com\/hu\/wp-json\/wp\/v2\/media\/3750"}],"wp:attachment":[{"href":"https:\/\/stampcurio.com\/hu\/wp-json\/wp\/v2\/media?parent=3747"}],"wp:term":[{"taxonomy":"product_brand","embeddable":true,"href":"https:\/\/stampcurio.com\/hu\/wp-json\/wp\/v2\/product_brand?post=3747"},{"taxonomy":"product_cat","embeddable":true,"href":"https:\/\/stampcurio.com\/hu\/wp-json\/wp\/v2\/product_cat?post=3747"},{"taxonomy":"product_tag","embeddable":true,"href":"https:\/\/stampcurio.com\/hu\/wp-json\/wp\/v2\/product_tag?post=3747"}],"curies":[{"name":"wp","href":"https:\/\/api.w.org\/{rel}","templated":true}]}}