{"id":3746,"date":"2023-11-18T15:49:07","date_gmt":"2023-11-18T14:49:07","guid":{"rendered":"http:\/\/stampcurio.com\/?post_type=product&#038;p=3746"},"modified":"2025-12-05T04:12:40","modified_gmt":"2025-12-05T03:12:40","slug":"1857-1907-harom-kulonfele-ddsg-szallitolevel","status":"publish","type":"product","link":"https:\/\/stampcurio.com\/hu\/termek\/1857-1907-harom-kulonfele-ddsg-szallitolevel\/","title":{"rendered":"1857-1907 h\u00e1rom k\u00fcl\u00f6nf\u00e9le DDSG sz\u00e1ll\u00edt\u00f3lev\u00e9l"},"content":{"rendered":"","protected":false},"excerpt":{"rendered":"","protected":false},"featured_media":3630,"template":"","meta":[],"product_brand":[],"product_cat":[60,73,105],"product_tag":[1044,323,282,157],"class_list":{"0":"post-3746","1":"product","2":"type-product","3":"status-publish","4":"has-post-thumbnail","6":"product_cat-ausztria-1st","7":"product_cat-magyarorszag-1st","8":"product_cat-romania-1st","9":"product_tag-1st-auction-hu","10":"product_tag-ddsg","11":"product_tag-okmanybelyeg","12":"product_tag-szallitolevel","13":"pa_catalog_id-465","15":"first","16":"outofstock","17":"sold-individually","18":"shipping-taxable","19":"product-type-simple"},"_links":{"self":[{"href":"https:\/\/stampcurio.com\/hu\/wp-json\/wp\/v2\/product\/3746","targetHints":{"allow":["GET"]}}],"collection":[{"href":"https:\/\/stampcurio.com\/hu\/wp-json\/wp\/v2\/product"}],"about":[{"href":"https:\/\/stampcurio.com\/hu\/wp-json\/wp\/v2\/types\/product"}],"wp:featuredmedia":[{"embeddable":true,"href":"https:\/\/stampcurio.com\/hu\/wp-json\/wp\/v2\/media\/3630"}],"wp:attachment":[{"href":"https:\/\/stampcurio.com\/hu\/wp-json\/wp\/v2\/media?parent=3746"}],"wp:term":[{"taxonomy":"product_brand","embeddable":true,"href":"https:\/\/stampcurio.com\/hu\/wp-json\/wp\/v2\/product_brand?post=3746"},{"taxonomy":"product_cat","embeddable":true,"href":"https:\/\/stampcurio.com\/hu\/wp-json\/wp\/v2\/product_cat?post=3746"},{"taxonomy":"product_tag","embeddable":true,"href":"https:\/\/stampcurio.com\/hu\/wp-json\/wp\/v2\/product_tag?post=3746"}],"curies":[{"name":"wp","href":"https:\/\/api.w.org\/{rel}","templated":true}]}}