{"id":3741,"date":"2023-11-18T14:34:04","date_gmt":"2023-11-18T13:34:04","guid":{"rendered":"http:\/\/stampcurio.com\/?post_type=product&#038;p=3741"},"modified":"2025-12-05T04:12:41","modified_gmt":"2025-12-05T03:12:41","slug":"1876-ddsg-j-g-schopper-privat-szallitolevel-kereskedes-hajobelyegzovel","status":"publish","type":"product","link":"https:\/\/stampcurio.com\/hu\/termek\/1876-ddsg-j-g-schopper-privat-szallitolevel-kereskedes-hajobelyegzovel\/","title":{"rendered":"1876 DDSG &#8211; J.G. Schopper priv\u00e1t sz\u00e1ll\u00edt\u00f3lev\u00e9l KERESKED\u00c9S haj\u00f3b\u00e9lyegz\u0151vel"},"content":{"rendered":"","protected":false},"excerpt":{"rendered":"<p>A f\u00e9nyk\u00e9p csak illusztr\u00e1ci\u00f3, nem r\u00e9sze a t\u00e9telnek.<\/p>\n","protected":false},"featured_media":3742,"template":"","meta":[],"product_brand":[],"product_cat":[60,73,105],"product_tag":[1044,323,282,157],"class_list":{"0":"post-3741","1":"product","2":"type-product","3":"status-publish","4":"has-post-thumbnail","6":"product_cat-ausztria-1st","7":"product_cat-magyarorszag-1st","8":"product_cat-romania-1st","9":"product_tag-1st-auction-hu","10":"product_tag-ddsg","11":"product_tag-okmanybelyeg","12":"product_tag-szallitolevel","13":"pa_catalog_id-464","15":"first","16":"outofstock","17":"sold-individually","18":"shipping-taxable","19":"product-type-simple"},"_links":{"self":[{"href":"https:\/\/stampcurio.com\/hu\/wp-json\/wp\/v2\/product\/3741","targetHints":{"allow":["GET"]}}],"collection":[{"href":"https:\/\/stampcurio.com\/hu\/wp-json\/wp\/v2\/product"}],"about":[{"href":"https:\/\/stampcurio.com\/hu\/wp-json\/wp\/v2\/types\/product"}],"wp:featuredmedia":[{"embeddable":true,"href":"https:\/\/stampcurio.com\/hu\/wp-json\/wp\/v2\/media\/3742"}],"wp:attachment":[{"href":"https:\/\/stampcurio.com\/hu\/wp-json\/wp\/v2\/media?parent=3741"}],"wp:term":[{"taxonomy":"product_brand","embeddable":true,"href":"https:\/\/stampcurio.com\/hu\/wp-json\/wp\/v2\/product_brand?post=3741"},{"taxonomy":"product_cat","embeddable":true,"href":"https:\/\/stampcurio.com\/hu\/wp-json\/wp\/v2\/product_cat?post=3741"},{"taxonomy":"product_tag","embeddable":true,"href":"https:\/\/stampcurio.com\/hu\/wp-json\/wp\/v2\/product_tag?post=3741"}],"curies":[{"name":"wp","href":"https:\/\/api.w.org\/{rel}","templated":true}]}}