{"id":3739,"date":"2023-11-18T14:17:52","date_gmt":"2023-11-18T13:17:52","guid":{"rendered":"http:\/\/stampcurio.com\/?post_type=product&#038;p=3739"},"modified":"2025-12-05T04:12:41","modified_gmt":"2025-12-05T03:12:41","slug":"1858-selmecbanya-arabok-a-szahara-sivatagbol-szindarab-plakatja-1-2-kr-hirdetvenyilletek-belyeggel","status":"publish","type":"product","link":"https:\/\/stampcurio.com\/hu\/termek\/1858-selmecbanya-arabok-a-szahara-sivatagbol-szindarab-plakatja-1-2-kr-hirdetvenyilletek-belyeggel\/","title":{"rendered":"1858 Selmecb\u00e1nya &#8211;  &#8220;Arabok a Szahara sivatagb\u00f3l&#8221; sz\u00edndarab plak\u00e1tja 1\/2 kr hirdetv\u00e9nyillet\u00e9k b\u00e9lyeggel"},"content":{"rendered":"","protected":false},"excerpt":{"rendered":"","protected":false},"featured_media":3573,"template":"","meta":[],"product_brand":[],"product_cat":[60,73,193],"product_tag":[1044,282],"class_list":{"0":"post-3739","1":"product","2":"type-product","3":"status-publish","4":"has-post-thumbnail","6":"product_cat-ausztria-1st","7":"product_cat-magyarorszag-1st","8":"product_cat-szlovakia-1st","9":"product_tag-1st-auction-hu","10":"product_tag-okmanybelyeg","11":"pa_catalog_id-463","13":"first","14":"outofstock","15":"sold-individually","16":"shipping-taxable","17":"product-type-simple"},"_links":{"self":[{"href":"https:\/\/stampcurio.com\/hu\/wp-json\/wp\/v2\/product\/3739","targetHints":{"allow":["GET"]}}],"collection":[{"href":"https:\/\/stampcurio.com\/hu\/wp-json\/wp\/v2\/product"}],"about":[{"href":"https:\/\/stampcurio.com\/hu\/wp-json\/wp\/v2\/types\/product"}],"wp:featuredmedia":[{"embeddable":true,"href":"https:\/\/stampcurio.com\/hu\/wp-json\/wp\/v2\/media\/3573"}],"wp:attachment":[{"href":"https:\/\/stampcurio.com\/hu\/wp-json\/wp\/v2\/media?parent=3739"}],"wp:term":[{"taxonomy":"product_brand","embeddable":true,"href":"https:\/\/stampcurio.com\/hu\/wp-json\/wp\/v2\/product_brand?post=3739"},{"taxonomy":"product_cat","embeddable":true,"href":"https:\/\/stampcurio.com\/hu\/wp-json\/wp\/v2\/product_cat?post=3739"},{"taxonomy":"product_tag","embeddable":true,"href":"https:\/\/stampcurio.com\/hu\/wp-json\/wp\/v2\/product_tag?post=3739"}],"curies":[{"name":"wp","href":"https:\/\/api.w.org\/{rel}","templated":true}]}}