{"id":3727,"date":"2023-11-18T13:49:16","date_gmt":"2023-11-18T12:49:16","guid":{"rendered":"http:\/\/stampcurio.com\/?post_type=product&#038;p=3727"},"modified":"2025-12-05T04:12:42","modified_gmt":"2025-12-05T03:12:42","slug":"1861-negy-belyeges-bermentesites-zimonybol-becsbe-kuldott-levelen","status":"publish","type":"product","link":"https:\/\/stampcurio.com\/hu\/termek\/1861-negy-belyeges-bermentesites-zimonybol-becsbe-kuldott-levelen\/","title":{"rendered":"1861 n\u00e9gy b\u00e9lyeges b\u00e9rmentes\u00edt\u00e9s Zimonyb\u00f3l B\u00e9csbe k\u00fcld\u00f6tt lev\u00e9len"},"content":{"rendered":"","protected":false},"excerpt":{"rendered":"<p>A k\u00fcldem\u00e9ny 1 kr k\u00f6znapi t\u00falb\u00e9rmentes\u00edt\u00e9ssel post\u00e1zott, a b\u00e9lyegek elhelyezked\u00e9se arra enged k\u00f6vetkeztetni, hogy el\u00f6sz\u00f6r egy 3kr b\u00e9lyeget ragasztottak fel a lev\u00e9lre, majd a hib\u00e1t \u00edgy orvosolt\u00e1k, hogy a v\u00e9geredm\u00e9ny 1 kr tulb\u00e9rmentes\u00edt\u00e9s lett. A 2kr b\u00e9lyeg mag\u00e1nk\u00e9zbe ritk\u00e1bban volt, tekintettel arra hogy az a nyomtatv\u00e1ny b\u00e9rmentes\u00edt\u00e9sre szolg\u00e1lt, \u00edgy nem tartottak bel\u0151le k\u00e9szletet a k\u00f6zemberek, feltehet\u0151leg ez\u00e9rt helyetes\u00edtett\u00e9k egy 3kr b\u00e9lyeggel.<\/p>\n","protected":false},"featured_media":3734,"template":"","meta":[],"product_brand":[],"product_cat":[60,73,135],"product_tag":[1044,116,89],"class_list":{"0":"post-3727","1":"product","2":"type-product","3":"status-publish","4":"has-post-thumbnail","6":"product_cat-ausztria-1st","7":"product_cat-magyarorszag-1st","8":"product_cat-szerbia-1st","9":"product_tag-1st-auction-hu","10":"product_tag-belyeg","11":"product_tag-postatortenet","12":"pa_catalog_id-462","14":"first","15":"outofstock","16":"sold-individually","17":"shipping-taxable","18":"product-type-simple"},"_links":{"self":[{"href":"https:\/\/stampcurio.com\/hu\/wp-json\/wp\/v2\/product\/3727","targetHints":{"allow":["GET"]}}],"collection":[{"href":"https:\/\/stampcurio.com\/hu\/wp-json\/wp\/v2\/product"}],"about":[{"href":"https:\/\/stampcurio.com\/hu\/wp-json\/wp\/v2\/types\/product"}],"wp:featuredmedia":[{"embeddable":true,"href":"https:\/\/stampcurio.com\/hu\/wp-json\/wp\/v2\/media\/3734"}],"wp:attachment":[{"href":"https:\/\/stampcurio.com\/hu\/wp-json\/wp\/v2\/media?parent=3727"}],"wp:term":[{"taxonomy":"product_brand","embeddable":true,"href":"https:\/\/stampcurio.com\/hu\/wp-json\/wp\/v2\/product_brand?post=3727"},{"taxonomy":"product_cat","embeddable":true,"href":"https:\/\/stampcurio.com\/hu\/wp-json\/wp\/v2\/product_cat?post=3727"},{"taxonomy":"product_tag","embeddable":true,"href":"https:\/\/stampcurio.com\/hu\/wp-json\/wp\/v2\/product_tag?post=3727"}],"curies":[{"name":"wp","href":"https:\/\/api.w.org\/{rel}","templated":true}]}}