{"id":3722,"date":"2023-11-18T13:38:25","date_gmt":"2023-11-18T12:38:25","guid":{"rendered":"http:\/\/stampcurio.com\/?post_type=product&#038;p=3722"},"modified":"2025-12-05T04:12:42","modified_gmt":"2025-12-05T03:12:42","slug":"1858-i-tipus-1861-vegyes-bermentesites-tavolsagi-levelen-pest-nagyvarad-egy-belyeg-hianyzik-ferchenbauer-kivagas-ar-min-1-600-eur","status":"publish","type":"product","link":"https:\/\/stampcurio.com\/hu\/termek\/1858-i-tipus-1861-vegyes-bermentesites-tavolsagi-levelen-pest-nagyvarad-egy-belyeg-hianyzik-ferchenbauer-kivagas-ar-min-1-600-eur\/","title":{"rendered":"1858 I. tipus \/ 1861 vegyes b\u00e9rmentes\u00edt\u00e9s t\u00e1vols\u00e1gi lev\u00e9len Pest -> Nagyv\u00e1rad &#8211; egy b\u00e9lyeg hi\u00e1nyzik &#8211; Ferchenbauer kiv\u00e1g\u00e1s \u00e1r min 1.600 EUR"},"content":{"rendered":"","protected":false},"excerpt":{"rendered":"<p>Az I. tipus\u00fa b\u00e9lyegek az 1861-s kiad\u00e1s b\u00e9lyegeivel vegyes b\u00e9rmentes\u00edt\u00e9sben rendk\u00edv\u00fcl ritk\u00e1k. Egy b\u00e9lyeg hi\u00e1nyzik, ez\u00e9rt kiv\u00e1g\u00e1sk\u00e9nt ker\u00fclt \u00e1raz\u00e1sra.<\/p>\n","protected":false},"featured_media":3723,"template":"","meta":[],"product_brand":[],"product_cat":[60,73,105],"product_tag":[1044,116,176,89,172],"class_list":{"0":"post-3722","1":"product","2":"type-product","3":"status-publish","4":"has-post-thumbnail","6":"product_cat-ausztria-1st","7":"product_cat-magyarorszag-1st","8":"product_cat-romania-1st","9":"product_tag-1st-auction-hu","10":"product_tag-belyeg","11":"product_tag-philagem","12":"product_tag-postatortenet","13":"product_tag-vegyes-bermentesites","14":"pa_catalog_id-461","16":"first","17":"outofstock","18":"sold-individually","19":"shipping-taxable","20":"product-type-simple"},"_links":{"self":[{"href":"https:\/\/stampcurio.com\/hu\/wp-json\/wp\/v2\/product\/3722","targetHints":{"allow":["GET"]}}],"collection":[{"href":"https:\/\/stampcurio.com\/hu\/wp-json\/wp\/v2\/product"}],"about":[{"href":"https:\/\/stampcurio.com\/hu\/wp-json\/wp\/v2\/types\/product"}],"wp:featuredmedia":[{"embeddable":true,"href":"https:\/\/stampcurio.com\/hu\/wp-json\/wp\/v2\/media\/3723"}],"wp:attachment":[{"href":"https:\/\/stampcurio.com\/hu\/wp-json\/wp\/v2\/media?parent=3722"}],"wp:term":[{"taxonomy":"product_brand","embeddable":true,"href":"https:\/\/stampcurio.com\/hu\/wp-json\/wp\/v2\/product_brand?post=3722"},{"taxonomy":"product_cat","embeddable":true,"href":"https:\/\/stampcurio.com\/hu\/wp-json\/wp\/v2\/product_cat?post=3722"},{"taxonomy":"product_tag","embeddable":true,"href":"https:\/\/stampcurio.com\/hu\/wp-json\/wp\/v2\/product_tag?post=3722"}],"curies":[{"name":"wp","href":"https:\/\/api.w.org\/{rel}","templated":true}]}}