{"id":3717,"date":"2023-11-18T12:51:01","date_gmt":"2023-11-18T11:51:01","guid":{"rendered":"http:\/\/stampcurio.com\/?post_type=product&#038;p=3717"},"modified":"2025-12-05T04:12:43","modified_gmt":"2025-12-05T03:12:43","slug":"1861-level-bartfara-majd-tovabbkudlve-janoba-23kr-belyeggel-orvosi-adatgyujtes-az-1861-62-evi-himlo-jarvanyrol","status":"publish","type":"product","link":"https:\/\/stampcurio.com\/hu\/termek\/1861-level-bartfara-majd-tovabbkudlve-janoba-23kr-belyeggel-orvosi-adatgyujtes-az-1861-62-evi-himlo-jarvanyrol\/","title":{"rendered":"1861 lev\u00e9l B\u00e1rtf\u00e1ra majd tov\u00e1bbk\u00fcdlve Jan\u00f3ba 2*3kr b\u00e9lyeggel &#8211; orvosi adatgy\u0171jt\u00e9s az 1861\/62 \u00e9vi himl\u0151 j\u00e1rv\u00e1nyr\u00f3l"},"content":{"rendered":"","protected":false},"excerpt":{"rendered":"<p>Rendk\u00edv\u00fcl ritk\u00e1n l\u00e1that\u00f3 2*3kr  b\u00e9rmentes\u00edt\u00e9ssel, b\u00e1r a k\u00fcldem\u00e9ny 1kr k\u00f6znapi t\u00falb\u00e9rmentes\u00edtett, de \u00edgy is l\u00e1tv\u00e1nyos darab. A t\u00falb\u00e9rmentes\u00edt\u00e9s v\u00e9lhet\u0151 oka, hogy az Budapest orvos egylet d\u00f6nt\u0151en helyi levelz\u00e9st folytatva, csak a helyi tarif\u00e1nak megfelel\u0151 3kr b\u00e9lyeget tarthatta k\u00e9szleten.<\/p>\n","protected":false},"featured_media":3718,"template":"","meta":[],"product_brand":[],"product_cat":[60,73,193],"product_tag":[1044,116,459,89],"class_list":{"0":"post-3717","1":"product","2":"type-product","3":"status-publish","4":"has-post-thumbnail","6":"product_cat-ausztria-1st","7":"product_cat-magyarorszag-1st","8":"product_cat-szlovakia-1st","9":"product_tag-1st-auction-hu","10":"product_tag-belyeg","11":"product_tag-orvostudomany","12":"product_tag-postatortenet","13":"pa_catalog_id-458","15":"first","16":"outofstock","17":"sold-individually","18":"shipping-taxable","19":"product-type-simple"},"_links":{"self":[{"href":"https:\/\/stampcurio.com\/hu\/wp-json\/wp\/v2\/product\/3717","targetHints":{"allow":["GET"]}}],"collection":[{"href":"https:\/\/stampcurio.com\/hu\/wp-json\/wp\/v2\/product"}],"about":[{"href":"https:\/\/stampcurio.com\/hu\/wp-json\/wp\/v2\/types\/product"}],"wp:featuredmedia":[{"embeddable":true,"href":"https:\/\/stampcurio.com\/hu\/wp-json\/wp\/v2\/media\/3718"}],"wp:attachment":[{"href":"https:\/\/stampcurio.com\/hu\/wp-json\/wp\/v2\/media?parent=3717"}],"wp:term":[{"taxonomy":"product_brand","embeddable":true,"href":"https:\/\/stampcurio.com\/hu\/wp-json\/wp\/v2\/product_brand?post=3717"},{"taxonomy":"product_cat","embeddable":true,"href":"https:\/\/stampcurio.com\/hu\/wp-json\/wp\/v2\/product_cat?post=3717"},{"taxonomy":"product_tag","embeddable":true,"href":"https:\/\/stampcurio.com\/hu\/wp-json\/wp\/v2\/product_tag?post=3717"}],"curies":[{"name":"wp","href":"https:\/\/api.w.org\/{rel}","templated":true}]}}