{"id":3715,"date":"2023-11-18T12:40:15","date_gmt":"2023-11-18T11:40:15","guid":{"rendered":"http:\/\/stampcurio.com\/?post_type=product&#038;p=3715"},"modified":"2025-12-05T04:12:43","modified_gmt":"2025-12-05T03:12:43","slug":"1858-2kr-nyomtatvanyon-nyiregyhazarol-pestre-kuldve","status":"publish","type":"product","link":"https:\/\/stampcurio.com\/hu\/termek\/1858-2kr-nyomtatvanyon-nyiregyhazarol-pestre-kuldve\/","title":{"rendered":"1858 2kr nyomtatv\u00e1nyon Ny\u00edregyh\u00e1z\u00e1r\u00f3l Pestre k\u00fcldve"},"content":{"rendered":"","protected":false},"excerpt":{"rendered":"<p>Ferchenbauer 175 EUR<\/p>\n","protected":false},"featured_media":3660,"template":"","meta":[],"product_brand":[],"product_cat":[60,73],"product_tag":[1044,116,89],"class_list":{"0":"post-3715","1":"product","2":"type-product","3":"status-publish","4":"has-post-thumbnail","6":"product_cat-ausztria-1st","7":"product_cat-magyarorszag-1st","8":"product_tag-1st-auction-hu","9":"product_tag-belyeg","10":"product_tag-postatortenet","11":"pa_catalog_id-457","13":"first","14":"outofstock","15":"sold-individually","16":"shipping-taxable","17":"product-type-simple"},"_links":{"self":[{"href":"https:\/\/stampcurio.com\/hu\/wp-json\/wp\/v2\/product\/3715","targetHints":{"allow":["GET"]}}],"collection":[{"href":"https:\/\/stampcurio.com\/hu\/wp-json\/wp\/v2\/product"}],"about":[{"href":"https:\/\/stampcurio.com\/hu\/wp-json\/wp\/v2\/types\/product"}],"wp:featuredmedia":[{"embeddable":true,"href":"https:\/\/stampcurio.com\/hu\/wp-json\/wp\/v2\/media\/3660"}],"wp:attachment":[{"href":"https:\/\/stampcurio.com\/hu\/wp-json\/wp\/v2\/media?parent=3715"}],"wp:term":[{"taxonomy":"product_brand","embeddable":true,"href":"https:\/\/stampcurio.com\/hu\/wp-json\/wp\/v2\/product_brand?post=3715"},{"taxonomy":"product_cat","embeddable":true,"href":"https:\/\/stampcurio.com\/hu\/wp-json\/wp\/v2\/product_cat?post=3715"},{"taxonomy":"product_tag","embeddable":true,"href":"https:\/\/stampcurio.com\/hu\/wp-json\/wp\/v2\/product_tag?post=3715"}],"curies":[{"name":"wp","href":"https:\/\/api.w.org\/{rel}","templated":true}]}}