{"id":3713,"date":"2023-11-18T12:33:39","date_gmt":"2023-11-18T11:33:39","guid":{"rendered":"http:\/\/stampcurio.com\/?post_type=product&#038;p=3713"},"modified":"2025-12-05T04:12:44","modified_gmt":"2025-12-05T03:12:44","slug":"1852-franko-keszpenz-bermentesitesu-level-nagyvaradrol-londonba-kuldve","status":"publish","type":"product","link":"https:\/\/stampcurio.com\/hu\/termek\/1852-franko-keszpenz-bermentesitesu-level-nagyvaradrol-londonba-kuldve\/","title":{"rendered":"1852 frank\u00f3 k\u00e9szp\u00e9nz b\u00e9rmentes\u00edt\u00e9s\u0171 lev\u00e9l Nagyv\u00e1radr\u00f3l Londonba k\u00fcldve"},"content":{"rendered":"","protected":false},"excerpt":{"rendered":"<p>A korszakban a magyar ter\u00fcletekr\u0151l k\u00fclf\u00f6ldi destin\u00e1ci\u00f3k ir\u00e1ny\u00e1ba k\u00fcld\u00f6tt levelek ritk\u00e1k.<\/p>\n","protected":false},"featured_media":3531,"template":"","meta":[],"product_brand":[],"product_cat":[60,180,73,105],"product_tag":[1044,1008,89],"class_list":{"0":"post-3713","1":"product","2":"type-product","3":"status-publish","4":"has-post-thumbnail","6":"product_cat-ausztria-1st","7":"product_cat-egyesult-kiralysag-1st","8":"product_cat-magyarorszag-1st","9":"product_cat-romania-1st","10":"product_tag-1st-auction-hu","11":"product_tag-ebay","12":"product_tag-postatortenet","13":"pa_catalog_id-456","15":"first","16":"outofstock","17":"sold-individually","18":"shipping-taxable","19":"product-type-simple"},"_links":{"self":[{"href":"https:\/\/stampcurio.com\/hu\/wp-json\/wp\/v2\/product\/3713","targetHints":{"allow":["GET"]}}],"collection":[{"href":"https:\/\/stampcurio.com\/hu\/wp-json\/wp\/v2\/product"}],"about":[{"href":"https:\/\/stampcurio.com\/hu\/wp-json\/wp\/v2\/types\/product"}],"wp:featuredmedia":[{"embeddable":true,"href":"https:\/\/stampcurio.com\/hu\/wp-json\/wp\/v2\/media\/3531"}],"wp:attachment":[{"href":"https:\/\/stampcurio.com\/hu\/wp-json\/wp\/v2\/media?parent=3713"}],"wp:term":[{"taxonomy":"product_brand","embeddable":true,"href":"https:\/\/stampcurio.com\/hu\/wp-json\/wp\/v2\/product_brand?post=3713"},{"taxonomy":"product_cat","embeddable":true,"href":"https:\/\/stampcurio.com\/hu\/wp-json\/wp\/v2\/product_cat?post=3713"},{"taxonomy":"product_tag","embeddable":true,"href":"https:\/\/stampcurio.com\/hu\/wp-json\/wp\/v2\/product_tag?post=3713"}],"curies":[{"name":"wp","href":"https:\/\/api.w.org\/{rel}","templated":true}]}}