{"id":3710,"date":"2023-11-18T12:27:02","date_gmt":"2023-11-18T11:27:02","guid":{"rendered":"http:\/\/stampcurio.com\/?post_type=product&#038;p=3710"},"modified":"2025-12-05T04:12:44","modified_gmt":"2025-12-05T03:12:44","slug":"1861-fiume-portos-level-franciaorszagba-kuldve","status":"publish","type":"product","link":"https:\/\/stampcurio.com\/hu\/termek\/1861-fiume-portos-level-franciaorszagba-kuldve\/","title":{"rendered":"1861 FIUME port\u00f3s lev\u00e9l Franciaorsz\u00e1gba k\u00fcldve"},"content":{"rendered":"","protected":false},"excerpt":{"rendered":"<p>A korszakban a magyar ter\u00fcletekr\u0151l k\u00fclf\u00f6ldi destin\u00e1ci\u00f3k ir\u00e1ny\u00e1ba k\u00fcld\u00f6tt levelek ritk\u00e1k.<\/p>\n","protected":false},"featured_media":11370,"template":"","meta":[],"product_brand":[],"product_cat":[60,122,78,73,86],"product_tag":[1044,108,89],"class_list":{"0":"post-3710","1":"product","2":"type-product","3":"status-publish","4":"has-post-thumbnail","6":"product_cat-ausztria-1st","7":"product_cat-franciaorszag-1st","8":"product_cat-horvatorszag-1st","9":"product_cat-magyarorszag-1st","10":"product_cat-olaszorszag-1st","11":"product_tag-1st-auction-hu","12":"product_tag-porto","13":"product_tag-postatortenet","14":"pa_catalog_id-454","16":"first","17":"outofstock","18":"sold-individually","19":"shipping-taxable","20":"product-type-simple"},"_links":{"self":[{"href":"https:\/\/stampcurio.com\/hu\/wp-json\/wp\/v2\/product\/3710","targetHints":{"allow":["GET"]}}],"collection":[{"href":"https:\/\/stampcurio.com\/hu\/wp-json\/wp\/v2\/product"}],"about":[{"href":"https:\/\/stampcurio.com\/hu\/wp-json\/wp\/v2\/types\/product"}],"wp:featuredmedia":[{"embeddable":true,"href":"https:\/\/stampcurio.com\/hu\/wp-json\/wp\/v2\/media\/11370"}],"wp:attachment":[{"href":"https:\/\/stampcurio.com\/hu\/wp-json\/wp\/v2\/media?parent=3710"}],"wp:term":[{"taxonomy":"product_brand","embeddable":true,"href":"https:\/\/stampcurio.com\/hu\/wp-json\/wp\/v2\/product_brand?post=3710"},{"taxonomy":"product_cat","embeddable":true,"href":"https:\/\/stampcurio.com\/hu\/wp-json\/wp\/v2\/product_cat?post=3710"},{"taxonomy":"product_tag","embeddable":true,"href":"https:\/\/stampcurio.com\/hu\/wp-json\/wp\/v2\/product_tag?post=3710"}],"curies":[{"name":"wp","href":"https:\/\/api.w.org\/{rel}","templated":true}]}}