{"id":3707,"date":"2023-11-18T12:22:19","date_gmt":"2023-11-18T11:22:19","guid":{"rendered":"http:\/\/stampcurio.com\/?post_type=product&#038;p=3707"},"modified":"2025-12-05T04:12:44","modified_gmt":"2025-12-05T03:12:44","slug":"1863-csalard-bermentesites-tavolsagi-levelen-pest-hajduboszormeny","status":"publish","type":"product","link":"https:\/\/stampcurio.com\/hu\/termek\/1863-csalard-bermentesites-tavolsagi-levelen-pest-hajduboszormeny\/","title":{"rendered":"1863 csal\u00e1rd b\u00e9rmentes\u00edt\u00e9s t\u00e1vols\u00e1gi lev\u00e9len Pest &#8211; Hajdub\u00f6sz\u00f6rm\u00e9ny"},"content":{"rendered":"","protected":false},"excerpt":{"rendered":"","protected":false},"featured_media":3516,"template":"","meta":[],"product_brand":[],"product_cat":[60,73],"product_tag":[1044,116,452,89],"class_list":{"0":"post-3707","1":"product","2":"type-product","3":"status-publish","4":"has-post-thumbnail","6":"product_cat-ausztria-1st","7":"product_cat-magyarorszag-1st","8":"product_tag-1st-auction-hu","9":"product_tag-belyeg","10":"product_tag-csalard-bermentesites","11":"product_tag-postatortenet","12":"pa_catalog_id-451","14":"first","15":"outofstock","16":"sold-individually","17":"shipping-taxable","18":"product-type-simple"},"_links":{"self":[{"href":"https:\/\/stampcurio.com\/hu\/wp-json\/wp\/v2\/product\/3707","targetHints":{"allow":["GET"]}}],"collection":[{"href":"https:\/\/stampcurio.com\/hu\/wp-json\/wp\/v2\/product"}],"about":[{"href":"https:\/\/stampcurio.com\/hu\/wp-json\/wp\/v2\/types\/product"}],"wp:featuredmedia":[{"embeddable":true,"href":"https:\/\/stampcurio.com\/hu\/wp-json\/wp\/v2\/media\/3516"}],"wp:attachment":[{"href":"https:\/\/stampcurio.com\/hu\/wp-json\/wp\/v2\/media?parent=3707"}],"wp:term":[{"taxonomy":"product_brand","embeddable":true,"href":"https:\/\/stampcurio.com\/hu\/wp-json\/wp\/v2\/product_brand?post=3707"},{"taxonomy":"product_cat","embeddable":true,"href":"https:\/\/stampcurio.com\/hu\/wp-json\/wp\/v2\/product_cat?post=3707"},{"taxonomy":"product_tag","embeddable":true,"href":"https:\/\/stampcurio.com\/hu\/wp-json\/wp\/v2\/product_tag?post=3707"}],"curies":[{"name":"wp","href":"https:\/\/api.w.org\/{rel}","templated":true}]}}