{"id":3705,"date":"2023-11-18T12:18:57","date_gmt":"2023-11-18T11:18:57","guid":{"rendered":"http:\/\/stampcurio.com\/?post_type=product&#038;p=3705"},"modified":"2025-12-05T04:12:45","modified_gmt":"2025-12-05T03:12:45","slug":"1867-svedorszag-helyi-level-3-ore-bermentesitessel-fogazat-135135137514","status":"publish","type":"product","link":"https:\/\/stampcurio.com\/hu\/termek\/1867-svedorszag-helyi-level-3-ore-bermentesitessel-fogazat-135135137514\/","title":{"rendered":"1867 Sv\u00e9dorsz\u00e1g helyi lev\u00e9l 3 \u00f6re b\u00e9rmentes\u00edt\u00e9ssel  &#8211; fogazat 13,5:13,5:13,75:14"},"content":{"rendered":"","protected":false},"excerpt":{"rendered":"","protected":false},"featured_media":3504,"template":"","meta":[],"product_brand":[],"product_cat":[136],"product_tag":[1044,116,89],"class_list":{"0":"post-3705","1":"product","2":"type-product","3":"status-publish","4":"has-post-thumbnail","6":"product_cat-svedorszag-1st","7":"product_tag-1st-auction-hu","8":"product_tag-belyeg","9":"product_tag-postatortenet","10":"pa_catalog_id-450","12":"first","13":"outofstock","14":"sold-individually","15":"shipping-taxable","16":"product-type-simple"},"_links":{"self":[{"href":"https:\/\/stampcurio.com\/hu\/wp-json\/wp\/v2\/product\/3705","targetHints":{"allow":["GET"]}}],"collection":[{"href":"https:\/\/stampcurio.com\/hu\/wp-json\/wp\/v2\/product"}],"about":[{"href":"https:\/\/stampcurio.com\/hu\/wp-json\/wp\/v2\/types\/product"}],"wp:featuredmedia":[{"embeddable":true,"href":"https:\/\/stampcurio.com\/hu\/wp-json\/wp\/v2\/media\/3504"}],"wp:attachment":[{"href":"https:\/\/stampcurio.com\/hu\/wp-json\/wp\/v2\/media?parent=3705"}],"wp:term":[{"taxonomy":"product_brand","embeddable":true,"href":"https:\/\/stampcurio.com\/hu\/wp-json\/wp\/v2\/product_brand?post=3705"},{"taxonomy":"product_cat","embeddable":true,"href":"https:\/\/stampcurio.com\/hu\/wp-json\/wp\/v2\/product_cat?post=3705"},{"taxonomy":"product_tag","embeddable":true,"href":"https:\/\/stampcurio.com\/hu\/wp-json\/wp\/v2\/product_tag?post=3705"}],"curies":[{"name":"wp","href":"https:\/\/api.w.org\/{rel}","templated":true}]}}