{"id":3703,"date":"2023-11-18T12:07:19","date_gmt":"2023-11-18T11:07:19","guid":{"rendered":"http:\/\/stampcurio.com\/?post_type=product&#038;p=3703"},"modified":"2025-12-05T04:12:45","modified_gmt":"2025-12-05T03:12:45","slug":"1870-lobl-adler-ceges-privat-ddsg-szallitolevel-slavonia-hajobelygzovel","status":"publish","type":"product","link":"https:\/\/stampcurio.com\/hu\/termek\/1870-lobl-adler-ceges-privat-ddsg-szallitolevel-slavonia-hajobelygzovel\/","title":{"rendered":"1870 L\u00f6bl &#038; Adler c\u00e9ges priv\u00e1t DDSG sz\u00e1ll\u00edt\u00f3lev\u00e9l SLAVONIA haj\u00f3b\u00e9lygz\u0151vel"},"content":{"rendered":"","protected":false},"excerpt":{"rendered":"","protected":false},"featured_media":3495,"template":"","meta":[],"product_brand":[],"product_cat":[60,73,105],"product_tag":[1044,323,282,157],"class_list":{"0":"post-3703","1":"product","2":"type-product","3":"status-publish","4":"has-post-thumbnail","6":"product_cat-ausztria-1st","7":"product_cat-magyarorszag-1st","8":"product_cat-romania-1st","9":"product_tag-1st-auction-hu","10":"product_tag-ddsg","11":"product_tag-okmanybelyeg","12":"product_tag-szallitolevel","13":"pa_catalog_id-449","15":"first","16":"outofstock","17":"sold-individually","18":"shipping-taxable","19":"product-type-simple"},"_links":{"self":[{"href":"https:\/\/stampcurio.com\/hu\/wp-json\/wp\/v2\/product\/3703","targetHints":{"allow":["GET"]}}],"collection":[{"href":"https:\/\/stampcurio.com\/hu\/wp-json\/wp\/v2\/product"}],"about":[{"href":"https:\/\/stampcurio.com\/hu\/wp-json\/wp\/v2\/types\/product"}],"wp:featuredmedia":[{"embeddable":true,"href":"https:\/\/stampcurio.com\/hu\/wp-json\/wp\/v2\/media\/3495"}],"wp:attachment":[{"href":"https:\/\/stampcurio.com\/hu\/wp-json\/wp\/v2\/media?parent=3703"}],"wp:term":[{"taxonomy":"product_brand","embeddable":true,"href":"https:\/\/stampcurio.com\/hu\/wp-json\/wp\/v2\/product_brand?post=3703"},{"taxonomy":"product_cat","embeddable":true,"href":"https:\/\/stampcurio.com\/hu\/wp-json\/wp\/v2\/product_cat?post=3703"},{"taxonomy":"product_tag","embeddable":true,"href":"https:\/\/stampcurio.com\/hu\/wp-json\/wp\/v2\/product_tag?post=3703"}],"curies":[{"name":"wp","href":"https:\/\/api.w.org\/{rel}","templated":true}]}}