{"id":3690,"date":"2023-11-18T11:59:00","date_gmt":"2023-11-18T10:59:00","guid":{"rendered":"http:\/\/stampcurio.com\/?post_type=product&#038;p=3690"},"modified":"2025-12-05T04:12:46","modified_gmt":"2025-12-05T03:12:46","slug":"1947-provizorikus-budapesti-helyi-okmanybelyeg-szignetta-halotti-bizonyitvanyon","status":"publish","type":"product","link":"https:\/\/stampcurio.com\/hu\/termek\/1947-provizorikus-budapesti-helyi-okmanybelyeg-szignetta-halotti-bizonyitvanyon\/","title":{"rendered":"1947 proviz\u00f3rikus Budapesti helyi okm\u00e1nyb\u00e9lyeg \/ szignetta halotti bizony\u00edtv\u00e1nyon"},"content":{"rendered":"","protected":false},"excerpt":{"rendered":"","protected":false},"featured_media":11346,"template":"","meta":[],"product_brand":[],"product_cat":[73],"product_tag":[1044,282,256],"class_list":{"0":"post-3690","1":"product","2":"type-product","3":"status-publish","4":"has-post-thumbnail","6":"product_cat-magyarorszag-1st","7":"product_tag-1st-auction-hu","8":"product_tag-okmanybelyeg","9":"product_tag-provizorium","10":"pa_catalog_id-447","12":"first","13":"outofstock","14":"sold-individually","15":"shipping-taxable","16":"product-type-simple"},"_links":{"self":[{"href":"https:\/\/stampcurio.com\/hu\/wp-json\/wp\/v2\/product\/3690","targetHints":{"allow":["GET"]}}],"collection":[{"href":"https:\/\/stampcurio.com\/hu\/wp-json\/wp\/v2\/product"}],"about":[{"href":"https:\/\/stampcurio.com\/hu\/wp-json\/wp\/v2\/types\/product"}],"wp:featuredmedia":[{"embeddable":true,"href":"https:\/\/stampcurio.com\/hu\/wp-json\/wp\/v2\/media\/11346"}],"wp:attachment":[{"href":"https:\/\/stampcurio.com\/hu\/wp-json\/wp\/v2\/media?parent=3690"}],"wp:term":[{"taxonomy":"product_brand","embeddable":true,"href":"https:\/\/stampcurio.com\/hu\/wp-json\/wp\/v2\/product_brand?post=3690"},{"taxonomy":"product_cat","embeddable":true,"href":"https:\/\/stampcurio.com\/hu\/wp-json\/wp\/v2\/product_cat?post=3690"},{"taxonomy":"product_tag","embeddable":true,"href":"https:\/\/stampcurio.com\/hu\/wp-json\/wp\/v2\/product_tag?post=3690"}],"curies":[{"name":"wp","href":"https:\/\/api.w.org\/{rel}","templated":true}]}}