{"id":3685,"date":"2023-11-18T11:47:19","date_gmt":"2023-11-18T10:47:19","guid":{"rendered":"http:\/\/stampcurio.com\/?post_type=product&#038;p=3685"},"modified":"2025-12-05T04:12:46","modified_gmt":"2025-12-05T03:12:46","slug":"1939-kanada-magyarorszag-ketszer-bermentesitett-vilag-kerulo-legiposta-boritek-rendkivul-latvanyos-darab","status":"publish","type":"product","link":"https:\/\/stampcurio.com\/hu\/termek\/1939-kanada-magyarorszag-ketszer-bermentesitett-vilag-kerulo-legiposta-boritek-rendkivul-latvanyos-darab\/","title":{"rendered":"1939 Kanada &#8211; Magyarorsz\u00e1g &#8211; k\u00e9tszer b\u00e9rmentes\u00edtett vil\u00e1g ker\u00fcl\u0151 l\u00e9giposta bor\u00edt\u00e9k &#8211; rendk\u00edv\u00fcl l\u00e1tv\u00e1nyos darab"},"content":{"rendered":"","protected":false},"excerpt":{"rendered":"<p>1939. m\u00e1rcius 1. Montreal &#8211; Vancouver els\u0151 rep\u00fcl\u00e9ssel ind\u00edtva<br \/>\nm\u00e1rcius 2. Vancouver<br \/>\nm\u00e1rcius 3. USA<br \/>\nm\u00e1rcius 17. Hong Kong<br \/>\nm\u00e1rcius 26. G\u00f6r\u00f6gorsz\u00e1g<br \/>\nm\u00e1rcius 28. meg\u00e9rkezik Magyarorsz\u00e1gra<br \/>\nm\u00e1rcius 28. \u00fajra b\u00e9rmente\u00edt\u00e9s ut\u00e1n m\u00e9g aznap vissza ind\u00edtva<br \/>\nm\u00e1rcius 29. N\u00e9metorsz\u00e1g<br \/>\n? Braz\u00edlia<br \/>\n\u00e1prilis 7-8. USA<br \/>\n\u00e1prilis 9. Kanad\u00e1ba vissza\u00e9rkez\u00e9s<\/p>\n","protected":false},"featured_media":3686,"template":"","meta":[],"product_brand":[],"product_cat":[335,298,180,285,974,253,73,113],"product_tag":[1044,116,115,67,176,89,172],"class_list":{"0":"post-3685","1":"product","2":"type-product","3":"status-publish","4":"has-post-thumbnail","6":"product_cat-brazilia-1st","7":"product_cat-egyesult-allamok-1st","8":"product_cat-egyesult-kiralysag-1st","9":"product_cat-gorogorszag-1st","10":"product_cat-hongkong-1st","11":"product_cat-kanada-1st","12":"product_cat-magyarorszag-1st","13":"product_cat-nemetorszag-1st","14":"product_tag-1st-auction-hu","15":"product_tag-belyeg","16":"product_tag-legiposta","17":"product_tag-marcofilatelia","18":"product_tag-philagem","19":"product_tag-postatortenet","20":"product_tag-vegyes-bermentesites","21":"pa_catalog_id-446","23":"first","24":"outofstock","25":"sold-individually","26":"shipping-taxable","27":"product-type-simple"},"_links":{"self":[{"href":"https:\/\/stampcurio.com\/hu\/wp-json\/wp\/v2\/product\/3685","targetHints":{"allow":["GET"]}}],"collection":[{"href":"https:\/\/stampcurio.com\/hu\/wp-json\/wp\/v2\/product"}],"about":[{"href":"https:\/\/stampcurio.com\/hu\/wp-json\/wp\/v2\/types\/product"}],"wp:featuredmedia":[{"embeddable":true,"href":"https:\/\/stampcurio.com\/hu\/wp-json\/wp\/v2\/media\/3686"}],"wp:attachment":[{"href":"https:\/\/stampcurio.com\/hu\/wp-json\/wp\/v2\/media?parent=3685"}],"wp:term":[{"taxonomy":"product_brand","embeddable":true,"href":"https:\/\/stampcurio.com\/hu\/wp-json\/wp\/v2\/product_brand?post=3685"},{"taxonomy":"product_cat","embeddable":true,"href":"https:\/\/stampcurio.com\/hu\/wp-json\/wp\/v2\/product_cat?post=3685"},{"taxonomy":"product_tag","embeddable":true,"href":"https:\/\/stampcurio.com\/hu\/wp-json\/wp\/v2\/product_tag?post=3685"}],"curies":[{"name":"wp","href":"https:\/\/api.w.org\/{rel}","templated":true}]}}