{"id":3680,"date":"2023-11-18T11:28:31","date_gmt":"2023-11-18T10:28:31","guid":{"rendered":"http:\/\/stampcurio.com\/?post_type=product&#038;p=3680"},"modified":"2025-12-05T04:12:47","modified_gmt":"2025-12-05T03:12:47","slug":"1858-1861-vegyes-bermentesites-pestrol-franciaorszagba-kuldott-levelen","status":"publish","type":"product","link":"https:\/\/stampcurio.com\/hu\/termek\/1858-1861-vegyes-bermentesites-pestrol-franciaorszagba-kuldott-levelen\/","title":{"rendered":"1858 \/ 1861 vegyes b\u00e9rmentes\u00edt\u00e9s (!) Pestr\u0151l Franciaorsz\u00e1gba k\u00fcld\u00f6tt lev\u00e9len"},"content":{"rendered":"","protected":false},"excerpt":{"rendered":"<p>Nagyon ritk\u00e1n l\u00e1that\u00f3 k\u00fclf\u00f6ldre k\u00fcld\u00f6tt vegyes b\u00e9rmentes\u00edt\u00e9s\u0171 lev\u00e9l.<\/p>\n","protected":false},"featured_media":3681,"template":"","meta":[],"product_brand":[],"product_cat":[60,122,73],"product_tag":[1044,116,89,172],"class_list":{"0":"post-3680","1":"product","2":"type-product","3":"status-publish","4":"has-post-thumbnail","6":"product_cat-ausztria-1st","7":"product_cat-franciaorszag-1st","8":"product_cat-magyarorszag-1st","9":"product_tag-1st-auction-hu","10":"product_tag-belyeg","11":"product_tag-postatortenet","12":"product_tag-vegyes-bermentesites","14":"first","15":"outofstock","16":"sold-individually","17":"shipping-taxable","18":"product-type-simple"},"_links":{"self":[{"href":"https:\/\/stampcurio.com\/hu\/wp-json\/wp\/v2\/product\/3680","targetHints":{"allow":["GET"]}}],"collection":[{"href":"https:\/\/stampcurio.com\/hu\/wp-json\/wp\/v2\/product"}],"about":[{"href":"https:\/\/stampcurio.com\/hu\/wp-json\/wp\/v2\/types\/product"}],"wp:featuredmedia":[{"embeddable":true,"href":"https:\/\/stampcurio.com\/hu\/wp-json\/wp\/v2\/media\/3681"}],"wp:attachment":[{"href":"https:\/\/stampcurio.com\/hu\/wp-json\/wp\/v2\/media?parent=3680"}],"wp:term":[{"taxonomy":"product_brand","embeddable":true,"href":"https:\/\/stampcurio.com\/hu\/wp-json\/wp\/v2\/product_brand?post=3680"},{"taxonomy":"product_cat","embeddable":true,"href":"https:\/\/stampcurio.com\/hu\/wp-json\/wp\/v2\/product_cat?post=3680"},{"taxonomy":"product_tag","embeddable":true,"href":"https:\/\/stampcurio.com\/hu\/wp-json\/wp\/v2\/product_tag?post=3680"}],"curies":[{"name":"wp","href":"https:\/\/api.w.org\/{rel}","templated":true}]}}