{"id":36790,"date":"2025-12-05T01:58:33","date_gmt":"2025-12-05T00:58:33","guid":{"rendered":"https:\/\/stampcurio.com\/product\/sc-25-2717\/"},"modified":"2025-12-05T04:00:16","modified_gmt":"2025-12-05T03:00:16","slug":"1917-magyarorszag-civil-tengeralatjaro-level-3-korona-20-filler-dijlerovassal-a-magyar-postatortenet-egyik-ritkasaga","status":"publish","type":"product","link":"https:\/\/stampcurio.com\/hu\/termek\/1917-magyarorszag-civil-tengeralatjaro-level-3-korona-20-filler-dijlerovassal-a-magyar-postatortenet-egyik-ritkasaga\/","title":{"rendered":"1917 Magyarorsz\u00e1g &#8211; Civil tengeralatj\u00e1r\u00f3 lev\u00e9l 3 Korona 20 fill\u00e9r d\u00edjlerov\u00e1ssal &#8211; a magyar postat\u00f6rt\u00e9net egyik ritkas\u00e1ga"},"content":{"rendered":"","protected":false},"excerpt":{"rendered":"","protected":false},"featured_media":36788,"template":"","meta":[],"product_brand":[],"product_cat":[1172],"product_tag":[1669,176,89],"class_list":{"0":"post-36790","1":"product","2":"type-product","3":"status-publish","4":"has-post-thumbnail","6":"product_cat-magyarorszag","7":"product_tag-3rd-auction","8":"product_tag-philagem","9":"product_tag-postatortenet","11":"first","12":"outofstock","13":"sold-individually","14":"shipping-taxable","15":"purchasable","16":"product-type-simple"},"_links":{"self":[{"href":"https:\/\/stampcurio.com\/hu\/wp-json\/wp\/v2\/product\/36790","targetHints":{"allow":["GET"]}}],"collection":[{"href":"https:\/\/stampcurio.com\/hu\/wp-json\/wp\/v2\/product"}],"about":[{"href":"https:\/\/stampcurio.com\/hu\/wp-json\/wp\/v2\/types\/product"}],"wp:featuredmedia":[{"embeddable":true,"href":"https:\/\/stampcurio.com\/hu\/wp-json\/wp\/v2\/media\/36788"}],"wp:attachment":[{"href":"https:\/\/stampcurio.com\/hu\/wp-json\/wp\/v2\/media?parent=36790"}],"wp:term":[{"taxonomy":"product_brand","embeddable":true,"href":"https:\/\/stampcurio.com\/hu\/wp-json\/wp\/v2\/product_brand?post=36790"},{"taxonomy":"product_cat","embeddable":true,"href":"https:\/\/stampcurio.com\/hu\/wp-json\/wp\/v2\/product_cat?post=36790"},{"taxonomy":"product_tag","embeddable":true,"href":"https:\/\/stampcurio.com\/hu\/wp-json\/wp\/v2\/product_tag?post=36790"}],"curies":[{"name":"wp","href":"https:\/\/api.w.org\/{rel}","templated":true}]}}