{"id":3678,"date":"2023-11-18T11:07:54","date_gmt":"2023-11-18T10:07:54","guid":{"rendered":"http:\/\/stampcurio.com\/?post_type=product&#038;p=3678"},"modified":"2025-12-05T04:12:47","modified_gmt":"2025-12-05T03:12:47","slug":"1842-pestrol-angliaba-kuldott-felportos-teljes-level","status":"publish","type":"product","link":"https:\/\/stampcurio.com\/hu\/termek\/1842-pestrol-angliaba-kuldott-felportos-teljes-level\/","title":{"rendered":"1842 Pestr\u0151l Angli\u00e1ba k\u00fcld\u00f6tt f\u00e9lport\u00f3s teljes lev\u00e9l"},"content":{"rendered":"","protected":false},"excerpt":{"rendered":"<p>A korszakban a magyar ter\u00fcletekr\u0151l k\u00fclf\u00f6ldi destin\u00e1ci\u00f3k ir\u00e1ny\u00e1ba k\u00fcld\u00f6tt levelek ritk\u00e1k. A f\u00e9lport\u00f3s k\u00fcldem\u00e9nyek eset\u00e9n a c\u00edmzett \u00e9s a felad\u00f3 megosztva fizett\u00e9k a viteld\u00edjat.<br \/>\nSz\u00e9p piros PESTH ov\u00e1lsi felad\u00e1si b\u00e9lyegz\u00e9ssel.<br \/>\nF\u00fcgg\u0151leges hajt\u00e1snyom, az el\u0151oldal jobb sz\u00e9l\u00e9n ahogy a k\u00e9pen is l\u00e1tszik.<\/p>\n","protected":false},"featured_media":11373,"template":"","meta":[],"product_brand":[],"product_cat":[60,180,73],"product_tag":[1044,67,108,89],"class_list":{"0":"post-3678","1":"product","2":"type-product","3":"status-publish","4":"has-post-thumbnail","6":"product_cat-ausztria-1st","7":"product_cat-egyesult-kiralysag-1st","8":"product_cat-magyarorszag-1st","9":"product_tag-1st-auction-hu","10":"product_tag-marcofilatelia","11":"product_tag-porto","12":"product_tag-postatortenet","13":"pa_catalog_id-455","15":"first","16":"outofstock","17":"sold-individually","18":"shipping-taxable","19":"product-type-simple"},"_links":{"self":[{"href":"https:\/\/stampcurio.com\/hu\/wp-json\/wp\/v2\/product\/3678","targetHints":{"allow":["GET"]}}],"collection":[{"href":"https:\/\/stampcurio.com\/hu\/wp-json\/wp\/v2\/product"}],"about":[{"href":"https:\/\/stampcurio.com\/hu\/wp-json\/wp\/v2\/types\/product"}],"wp:featuredmedia":[{"embeddable":true,"href":"https:\/\/stampcurio.com\/hu\/wp-json\/wp\/v2\/media\/11373"}],"wp:attachment":[{"href":"https:\/\/stampcurio.com\/hu\/wp-json\/wp\/v2\/media?parent=3678"}],"wp:term":[{"taxonomy":"product_brand","embeddable":true,"href":"https:\/\/stampcurio.com\/hu\/wp-json\/wp\/v2\/product_brand?post=3678"},{"taxonomy":"product_cat","embeddable":true,"href":"https:\/\/stampcurio.com\/hu\/wp-json\/wp\/v2\/product_cat?post=3678"},{"taxonomy":"product_tag","embeddable":true,"href":"https:\/\/stampcurio.com\/hu\/wp-json\/wp\/v2\/product_tag?post=3678"}],"curies":[{"name":"wp","href":"https:\/\/api.w.org\/{rel}","templated":true}]}}