{"id":3675,"date":"2023-11-18T10:59:25","date_gmt":"2023-11-18T09:59:25","guid":{"rendered":"http:\/\/stampcurio.com\/?post_type=product&#038;p=3675"},"modified":"2025-12-05T04:12:48","modified_gmt":"2025-12-05T03:12:48","slug":"1842-pozsony-szep-szamla-portos-levellel-eperjesre-kuldve","status":"publish","type":"product","link":"https:\/\/stampcurio.com\/hu\/termek\/1842-pozsony-szep-szamla-portos-levellel-eperjesre-kuldve\/","title":{"rendered":"1842 Pozsony &#8211; sz\u00e9p sz\u00e1mla port\u00f3s lev\u00e9llel Eperjesre k\u00fcldve"},"content":{"rendered":"","protected":false},"excerpt":{"rendered":"","protected":false},"featured_media":11341,"template":"","meta":[],"product_brand":[],"product_cat":[60,73,193],"product_tag":[1044,108,89],"class_list":{"0":"post-3675","1":"product","2":"type-product","3":"status-publish","4":"has-post-thumbnail","6":"product_cat-ausztria-1st","7":"product_cat-magyarorszag-1st","8":"product_cat-szlovakia-1st","9":"product_tag-1st-auction-hu","10":"product_tag-porto","11":"product_tag-postatortenet","12":"pa_catalog_id-445","14":"first","15":"outofstock","16":"sold-individually","17":"shipping-taxable","18":"product-type-simple"},"_links":{"self":[{"href":"https:\/\/stampcurio.com\/hu\/wp-json\/wp\/v2\/product\/3675","targetHints":{"allow":["GET"]}}],"collection":[{"href":"https:\/\/stampcurio.com\/hu\/wp-json\/wp\/v2\/product"}],"about":[{"href":"https:\/\/stampcurio.com\/hu\/wp-json\/wp\/v2\/types\/product"}],"wp:featuredmedia":[{"embeddable":true,"href":"https:\/\/stampcurio.com\/hu\/wp-json\/wp\/v2\/media\/11341"}],"wp:attachment":[{"href":"https:\/\/stampcurio.com\/hu\/wp-json\/wp\/v2\/media?parent=3675"}],"wp:term":[{"taxonomy":"product_brand","embeddable":true,"href":"https:\/\/stampcurio.com\/hu\/wp-json\/wp\/v2\/product_brand?post=3675"},{"taxonomy":"product_cat","embeddable":true,"href":"https:\/\/stampcurio.com\/hu\/wp-json\/wp\/v2\/product_cat?post=3675"},{"taxonomy":"product_tag","embeddable":true,"href":"https:\/\/stampcurio.com\/hu\/wp-json\/wp\/v2\/product_tag?post=3675"}],"curies":[{"name":"wp","href":"https:\/\/api.w.org\/{rel}","templated":true}]}}