{"id":36749,"date":"2025-12-05T00:33:26","date_gmt":"2025-12-04T23:33:26","guid":{"rendered":"https:\/\/stampcurio.com\/product\/sc-25-2699\/"},"modified":"2025-12-31T20:41:10","modified_gmt":"2025-12-31T19:41:10","slug":"1896-magyarorszag-milleniumi-2-krajcaros-dijjegyes-levelezolap-magyar-kereskedelmi-kozlony-ritka-felulnyomassal","status":"publish","type":"product","link":"https:\/\/stampcurio.com\/hu\/termek\/1896-magyarorszag-milleniumi-2-krajcaros-dijjegyes-levelezolap-magyar-kereskedelmi-kozlony-ritka-felulnyomassal\/","title":{"rendered":"1896 Magyarorsz\u00e1g &#8211; Milleniumi 2 krajc\u00e1ros d\u00edjjegyes levelez\u0151lap &#8220;Magyar Kereskedelmi k\u00f6zl\u00f6ny&#8221; ritka fel\u00fclnyom\u00e1ssal"},"content":{"rendered":"","protected":false},"excerpt":{"rendered":"","protected":false},"featured_media":36747,"template":"","meta":[],"product_brand":[],"product_cat":[1172],"product_tag":[1669,74,75],"class_list":{"0":"post-36749","1":"product","2":"type-product","3":"status-publish","4":"has-post-thumbnail","6":"product_cat-magyarorszag","7":"product_tag-3rd-auction","8":"product_tag-dijjegyes","9":"product_tag-reklam","10":"pa_catalog_id-1753","12":"first","13":"outofstock","14":"sold-individually","15":"shipping-taxable","16":"purchasable","17":"product-type-simple"},"_links":{"self":[{"href":"https:\/\/stampcurio.com\/hu\/wp-json\/wp\/v2\/product\/36749","targetHints":{"allow":["GET"]}}],"collection":[{"href":"https:\/\/stampcurio.com\/hu\/wp-json\/wp\/v2\/product"}],"about":[{"href":"https:\/\/stampcurio.com\/hu\/wp-json\/wp\/v2\/types\/product"}],"wp:featuredmedia":[{"embeddable":true,"href":"https:\/\/stampcurio.com\/hu\/wp-json\/wp\/v2\/media\/36747"}],"wp:attachment":[{"href":"https:\/\/stampcurio.com\/hu\/wp-json\/wp\/v2\/media?parent=36749"}],"wp:term":[{"taxonomy":"product_brand","embeddable":true,"href":"https:\/\/stampcurio.com\/hu\/wp-json\/wp\/v2\/product_brand?post=36749"},{"taxonomy":"product_cat","embeddable":true,"href":"https:\/\/stampcurio.com\/hu\/wp-json\/wp\/v2\/product_cat?post=36749"},{"taxonomy":"product_tag","embeddable":true,"href":"https:\/\/stampcurio.com\/hu\/wp-json\/wp\/v2\/product_tag?post=36749"}],"curies":[{"name":"wp","href":"https:\/\/api.w.org\/{rel}","templated":true}]}}