{"id":36743,"date":"2025-12-05T00:33:02","date_gmt":"2025-12-04T23:33:02","guid":{"rendered":"https:\/\/stampcurio.com\/product\/sc-25-2697\/"},"modified":"2025-12-31T20:39:10","modified_gmt":"2025-12-31T19:39:10","slug":"1896-magyarorszag-milleniumi-2-krajcaros-dijjegyes-levelezolap-a-tolnai-vilag-lapja-koponyas-felulnyomasaval","status":"publish","type":"product","link":"https:\/\/stampcurio.com\/hu\/termek\/1896-magyarorszag-milleniumi-2-krajcaros-dijjegyes-levelezolap-a-tolnai-vilag-lapja-koponyas-felulnyomasaval\/","title":{"rendered":"1896 Magyarorsz\u00e1g \u2013 Milleniumi 2 krajc\u00e1ros d\u00edjjegyes levelez\u0151lap a &#8220;Tolnai vil\u00e1g lapja&#8221; kopony\u00e1s fel\u00fclnyom\u00e1s\u00e1val"},"content":{"rendered":"","protected":false},"excerpt":{"rendered":"","protected":false},"featured_media":36741,"template":"","meta":[],"product_brand":[],"product_cat":[1172],"product_tag":[1669,74,75],"class_list":{"0":"post-36743","1":"product","2":"type-product","3":"status-publish","4":"has-post-thumbnail","6":"product_cat-magyarorszag","7":"product_tag-3rd-auction","8":"product_tag-dijjegyes","9":"product_tag-reklam","11":"first","12":"outofstock","13":"sold-individually","14":"shipping-taxable","15":"purchasable","16":"product-type-simple"},"_links":{"self":[{"href":"https:\/\/stampcurio.com\/hu\/wp-json\/wp\/v2\/product\/36743","targetHints":{"allow":["GET"]}}],"collection":[{"href":"https:\/\/stampcurio.com\/hu\/wp-json\/wp\/v2\/product"}],"about":[{"href":"https:\/\/stampcurio.com\/hu\/wp-json\/wp\/v2\/types\/product"}],"wp:featuredmedia":[{"embeddable":true,"href":"https:\/\/stampcurio.com\/hu\/wp-json\/wp\/v2\/media\/36741"}],"wp:attachment":[{"href":"https:\/\/stampcurio.com\/hu\/wp-json\/wp\/v2\/media?parent=36743"}],"wp:term":[{"taxonomy":"product_brand","embeddable":true,"href":"https:\/\/stampcurio.com\/hu\/wp-json\/wp\/v2\/product_brand?post=36743"},{"taxonomy":"product_cat","embeddable":true,"href":"https:\/\/stampcurio.com\/hu\/wp-json\/wp\/v2\/product_cat?post=36743"},{"taxonomy":"product_tag","embeddable":true,"href":"https:\/\/stampcurio.com\/hu\/wp-json\/wp\/v2\/product_tag?post=36743"}],"curies":[{"name":"wp","href":"https:\/\/api.w.org\/{rel}","templated":true}]}}