{"id":3674,"date":"2023-11-18T10:54:04","date_gmt":"2023-11-18T09:54:04","guid":{"rendered":"http:\/\/stampcurio.com\/?post_type=product&#038;p=3674"},"modified":"2025-12-05T04:12:48","modified_gmt":"2025-12-05T03:12:48","slug":"1937-vakok-irasa-specialis-tarifa-a-feketekonyv-254-oldalan-bemutatott-darab","status":"publish","type":"product","link":"https:\/\/stampcurio.com\/hu\/termek\/1937-vakok-irasa-specialis-tarifa-a-feketekonyv-254-oldalan-bemutatott-darab\/","title":{"rendered":"1937 vakok \u00edr\u00e1sa &#8211; speci\u00e1lis tarifa &#8211; a feketek\u00f6nyv 254. oldal\u00e1n bemutatott darab"},"content":{"rendered":"","protected":false},"excerpt":{"rendered":"","protected":false},"featured_media":11338,"template":"","meta":[],"product_brand":[],"product_cat":[73],"product_tag":[1044,89],"class_list":{"0":"post-3674","1":"product","2":"type-product","3":"status-publish","4":"has-post-thumbnail","6":"product_cat-magyarorszag-1st","7":"product_tag-1st-auction-hu","8":"product_tag-postatortenet","9":"pa_catalog_id-444","11":"first","12":"outofstock","13":"sold-individually","14":"shipping-taxable","15":"product-type-simple"},"_links":{"self":[{"href":"https:\/\/stampcurio.com\/hu\/wp-json\/wp\/v2\/product\/3674","targetHints":{"allow":["GET"]}}],"collection":[{"href":"https:\/\/stampcurio.com\/hu\/wp-json\/wp\/v2\/product"}],"about":[{"href":"https:\/\/stampcurio.com\/hu\/wp-json\/wp\/v2\/types\/product"}],"wp:featuredmedia":[{"embeddable":true,"href":"https:\/\/stampcurio.com\/hu\/wp-json\/wp\/v2\/media\/11338"}],"wp:attachment":[{"href":"https:\/\/stampcurio.com\/hu\/wp-json\/wp\/v2\/media?parent=3674"}],"wp:term":[{"taxonomy":"product_brand","embeddable":true,"href":"https:\/\/stampcurio.com\/hu\/wp-json\/wp\/v2\/product_brand?post=3674"},{"taxonomy":"product_cat","embeddable":true,"href":"https:\/\/stampcurio.com\/hu\/wp-json\/wp\/v2\/product_cat?post=3674"},{"taxonomy":"product_tag","embeddable":true,"href":"https:\/\/stampcurio.com\/hu\/wp-json\/wp\/v2\/product_tag?post=3674"}],"curies":[{"name":"wp","href":"https:\/\/api.w.org\/{rel}","templated":true}]}}